{"id":5441,"date":"2024-09-25T04:12:36","date_gmt":"2024-09-25T04:12:36","guid":{"rendered":"https:\/\/demo.7iquid.com\/tecko\/?page_id=5441"},"modified":"2025-09-17T02:56:54","modified_gmt":"2025-09-17T02:56:54","slug":"contact","status":"publish","type":"page","link":"https:\/\/aplinet.co\/Sorttime\/contact\/","title":{"rendered":"Contact"},"content":{"rendered":"\t\t<div data-elementor-type=\"wp-page\" data-elementor-id=\"5441\" class=\"elementor elementor-5441\">\n\t\t\t\t<div class=\"elementor-element elementor-element-4af0e41 e-flex e-con-boxed e-con e-parent\" data-id=\"4af0e41\" data-element_type=\"container\" data-e-type=\"container\">\n\t\t\t\t\t\t\t<div class=\"e-con-inner\">\n\t\t<div class=\"elementor-element elementor-element-e698a7e e-con-full e-flex e-con e-child\" data-id=\"e698a7e\" data-element_type=\"container\" data-e-type=\"container\">\n\t\t\t\t<div class=\"elementor-element elementor-element-0a5f574 e-con-full e-flex e-con e-child\" data-id=\"0a5f574\" data-element_type=\"container\" data-e-type=\"container\" data-settings=\"{&quot;background_background&quot;:&quot;classic&quot;}\">\n\t\t\t\t<div class=\"elementor-element elementor-element-623fe82 e-con-full e-flex e-con e-child\" data-id=\"623fe82\" data-element_type=\"container\" data-e-type=\"container\">\n\t\t\t\t<div class=\"elementor-element elementor-element-a7f01ae e-con-full e-flex e-con e-child\" data-id=\"a7f01ae\" data-element_type=\"container\" data-e-type=\"container\" data-settings=\"{&quot;background_background&quot;:&quot;classic&quot;}\">\n\t\t\t\t<div class=\"elementor-element elementor-element-cb84f34 e-con-full e-flex e-con e-child\" data-id=\"cb84f34\" data-element_type=\"container\" data-e-type=\"container\">\n\t\t\t\t\t\t<div class=\"elementor-element elementor-element-2b1dea9 elementor-widget elementor-widget-pxl_heading_v2\" data-id=\"2b1dea9\" data-element_type=\"widget\" data-e-type=\"widget\" data-widget_type=\"pxl_heading_v2.default\">\n\t\t\t\t<div class=\"elementor-widget-container\">\n\t\t\t\t\t\n<div class=\"heading-widget layout-01\">\n    <div class=\"widget-wrap\">\n        <div class=\"heading-text style-01\">Contact<\/div>  \n    <\/div>\n<\/div>\t\t\t\t<\/div>\n\t\t\t\t<\/div>\n\t\t\t\t<div class=\"elementor-element elementor-element-2d7fa67 elementor-widget__width-initial elementor-widget elementor-widget-pxl_heading_v2\" data-id=\"2d7fa67\" data-element_type=\"widget\" data-e-type=\"widget\" data-widget_type=\"pxl_heading_v2.default\">\n\t\t\t\t<div class=\"elementor-widget-container\">\n\t\t\t\t\t\n<div class=\"heading-widget layout-01\">\n    <div class=\"widget-wrap\">\n        <h2 class=\"heading-text  pxl-split-text split-in-right\">\u00a1Vamos a conversar!<\/h2>  \n    <\/div>\n<\/div>\t\t\t\t<\/div>\n\t\t\t\t<\/div>\n\t\t<div class=\"elementor-element elementor-element-e69ff1a e-con-full e-flex e-con e-child\" data-id=\"e69ff1a\" data-element_type=\"container\" data-e-type=\"container\">\n\t\t\t\t<div class=\"elementor-element elementor-element-2cdebcb e-con-full e-flex e-con e-child\" data-id=\"2cdebcb\" data-element_type=\"container\" data-e-type=\"container\">\n\t\t\t\t\t\t<div class=\"elementor-element elementor-element-6d7aaf1 elementor-widget elementor-widget-pxl_heading_v2\" data-id=\"6d7aaf1\" data-element_type=\"widget\" data-e-type=\"widget\" data-widget_type=\"pxl_heading_v2.default\">\n\t\t\t\t<div class=\"elementor-widget-container\">\n\t\t\t\t\t\n<div class=\"heading-widget layout-01\">\n    <div class=\"widget-wrap\">\n        <span class=\"heading-text \">\u00bfQuieres conocer nuestro equipo?<\/span>  \n    <\/div>\n<\/div>\t\t\t\t<\/div>\n\t\t\t\t<\/div>\n\t\t\t\t<div class=\"elementor-element elementor-element-bf03ca8 elementor-widget elementor-widget-pxl_heading_v2\" data-id=\"bf03ca8\" data-element_type=\"widget\" data-e-type=\"widget\" data-widget_type=\"pxl_heading_v2.default\">\n\t\t\t\t<div class=\"elementor-widget-container\">\n\t\t\t\t\t\n<div class=\"heading-widget layout-01\">\n    <div class=\"widget-wrap\">\n        <h6 class=\"heading-text  pxl-split-text split-lines-transform\">ingrid.cohen@aplinet.co<\/h6>  \n    <\/div>\n<\/div>\t\t\t\t<\/div>\n\t\t\t\t<\/div>\n\t\t\t\t<\/div>\n\t\t<div class=\"elementor-element elementor-element-802a44d e-con-full e-flex e-con e-child\" data-id=\"802a44d\" data-element_type=\"container\" data-e-type=\"container\">\n\t\t\t\t\t\t<div class=\"elementor-element elementor-element-f302bb2 elementor-widget elementor-widget-pxl_heading_v2\" data-id=\"f302bb2\" data-element_type=\"widget\" data-e-type=\"widget\" data-widget_type=\"pxl_heading_v2.default\">\n\t\t\t\t<div class=\"elementor-widget-container\">\n\t\t\t\t\t\n<div class=\"heading-widget layout-01\">\n    <div class=\"widget-wrap\">\n        <span class=\"heading-text \">Llamanos<\/span>  \n    <\/div>\n<\/div>\t\t\t\t<\/div>\n\t\t\t\t<\/div>\n\t\t\t\t<div class=\"elementor-element elementor-element-a565c3a elementor-widget elementor-widget-pxl_heading_v2\" data-id=\"a565c3a\" data-element_type=\"widget\" data-e-type=\"widget\" data-widget_type=\"pxl_heading_v2.default\">\n\t\t\t\t<div class=\"elementor-widget-container\">\n\t\t\t\t\t\n<div class=\"heading-widget layout-01\">\n    <div class=\"widget-wrap\">\n        <h6 class=\"heading-text  pxl-split-text split-lines-transform\">(+57) 3174032215\u00a0<\/h6>  \n    <\/div>\n<\/div>\t\t\t\t<\/div>\n\t\t\t\t<\/div>\n\t\t\t\t<\/div>\n\t\t\t\t<\/div>\n\t\t\t\t<div class=\"elementor-element elementor-element-a257cfc elementor-widget elementor-widget-pxl_heading_v2\" data-id=\"a257cfc\" data-element_type=\"widget\" data-e-type=\"widget\" data-widget_type=\"pxl_heading_v2.default\">\n\t\t\t\t<div class=\"elementor-widget-container\">\n\t\t\t\t\t\n<div class=\"heading-widget layout-01\">\n    <div class=\"widget-wrap\">\n        <span class=\"heading-text \">Para m\u00e1s asesoria<\/span>  \n    <\/div>\n<\/div>\t\t\t\t<\/div>\n\t\t\t\t<\/div>\n\t\t<div class=\"elementor-element elementor-element-9f9297b e-con-full e-flex e-con e-child\" data-id=\"9f9297b\" data-element_type=\"container\" data-e-type=\"container\">\n\t\t\t\t\t\t<div class=\"elementor-element elementor-element-59aea69 elementor-widget elementor-widget-pxl_image_v2\" data-id=\"59aea69\" data-element_type=\"widget\" data-e-type=\"widget\" data-widget_type=\"pxl_image_v2.default\">\n\t\t\t\t<div class=\"elementor-widget-container\">\n\t\t\t\t\t \r\n<div class=\"pxl-image-widget\">\r\n\t<img decoding=\"async\" src=\"https:\/\/aplinet.co\/Sorttime\/wp-content\/uploads\/elementor\/thumbs\/ingrid-cohen-rbvbkhwa9a7ku8qcxe4xzd4iav0311iv3gbslmcfrk.jpg\" width=\"72\" height=\"72\" \/><\/div>\r\n\t\t\t\t<\/div>\n\t\t\t\t<\/div>\n\t\t<div class=\"elementor-element elementor-element-1c0d75d e-con-full e-flex e-con e-child\" data-id=\"1c0d75d\" data-element_type=\"container\" data-e-type=\"container\">\n\t\t\t\t\t\t<div class=\"elementor-element elementor-element-f26fe0e elementor-widget elementor-widget-pxl_heading_v2\" data-id=\"f26fe0e\" data-element_type=\"widget\" data-e-type=\"widget\" data-widget_type=\"pxl_heading_v2.default\">\n\t\t\t\t<div class=\"elementor-widget-container\">\n\t\t\t\t\t\n<div class=\"heading-widget layout-01\">\n    <div class=\"widget-wrap\">\n        <span class=\"heading-text  pxl-split-text split-in-fade\">Ingrid Cohen<\/span>  \n    <\/div>\n<\/div>\t\t\t\t<\/div>\n\t\t\t\t<\/div>\n\t\t\t\t<div class=\"elementor-element elementor-element-ba0985e elementor-widget elementor-widget-pxl_heading_v2\" data-id=\"ba0985e\" data-element_type=\"widget\" data-e-type=\"widget\" data-widget_type=\"pxl_heading_v2.default\">\n\t\t\t\t<div class=\"elementor-widget-container\">\n\t\t\t\t\t\n<div class=\"heading-widget layout-01\">\n    <div class=\"widget-wrap\">\n        <span class=\"heading-text  pxl-split-text split-in-fade\">ingrid.cohen@aplinet.co<\/span>  \n    <\/div>\n<\/div>\t\t\t\t<\/div>\n\t\t\t\t<\/div>\n\t\t\t\t<\/div>\n\t\t\t\t<\/div>\n\t\t\t\t<\/div>\n\t\t<div class=\"elementor-element elementor-element-0e3d02b e-con-full e-flex e-con e-child\" data-id=\"0e3d02b\" data-element_type=\"container\" data-e-type=\"container\">\n\t\t\t\t<div class=\"elementor-element elementor-element-a6022df e-con-full e-flex e-con e-child\" data-id=\"a6022df\" data-element_type=\"container\" data-e-type=\"container\">\n\t\t\t\t\t\t<div class=\"elementor-element elementor-element-cdfd419 elementor-widget elementor-widget-pxl_button\" data-id=\"cdfd419\" data-element_type=\"widget\" data-e-type=\"widget\" data-widget_type=\"pxl_button.default\">\n\t\t\t\t<div class=\"elementor-widget-container\">\n\t\t\t\t\t<div class=\"pxl-button-widget layout-1\">\r\n    <div class=\"widget-wrap\">\r\n        <a href=\"https:\/\/api.whatsapp.com\/send?phone=573174032215&#038;text=Hola%20nos%20interesa%20conocer%20el%20software.\" target=\"_blank\" class=\"tecko-button default\">Agenda tu demo          \r\n                        <span><\/span>\r\n        <\/a>\r\n    <\/div>\r\n<\/div>\t\t\t\t<\/div>\n\t\t\t\t<\/div>\n\t\t\t\t<div class=\"elementor-element elementor-element-8e186c0 elementor-view-stacked elementor-shape-square elementor-widget__width-auto elementor-absolute elementor-widget elementor-widget-icon\" data-id=\"8e186c0\" data-element_type=\"widget\" data-e-type=\"widget\" data-settings=\"{&quot;_position&quot;:&quot;absolute&quot;}\" data-widget_type=\"icon.default\">\n\t\t\t\t\t\t\t<div class=\"elementor-icon-wrapper\">\n\t\t\t<a class=\"elementor-icon\" href=\"https:\/\/api.whatsapp.com\/send?phone=573174032215&#038;text=Hola%20nos%20interesa%20conocer%20el%20software.\" target=\"_blank\">\n\t\t\t<i aria-hidden=\"true\" class=\"pxli pxli-arrow-top-right\"><\/i>\t\t\t<\/a>\n\t\t<\/div>\n\t\t\t\t\t\t<\/div>\n\t\t\t\t<\/div>\n\t\t\t\t<\/div>\n\t\t\t\t<\/div>\n\t\t\t\t<\/div>\n\t\t\t\t<\/div>\n\t\t\t\t<\/div>\n\t\t\t\t\t<\/div>\n\t\t\t\t<\/div>\n\t\t<div class=\"elementor-element elementor-element-29f753a e-flex e-con-boxed e-con e-parent\" data-id=\"29f753a\" data-element_type=\"container\" data-e-type=\"container\">\n\t\t\t\t\t\t\t<div class=\"e-con-inner\">\n\t\t<div class=\"elementor-element elementor-element-d2fcd0c e-con-full e-flex e-con e-child\" data-id=\"d2fcd0c\" data-element_type=\"container\" data-e-type=\"container\">\n\t\t\t\t<div class=\"elementor-element elementor-element-d99eee4 e-con-full e-flex e-con e-child\" data-id=\"d99eee4\" data-element_type=\"container\" data-e-type=\"container\">\n\t\t\t\t\t\t<div class=\"elementor-element elementor-element-7edd76b elementor-widget elementor-widget-pxl_heading_v2\" data-id=\"7edd76b\" data-element_type=\"widget\" data-e-type=\"widget\" data-widget_type=\"pxl_heading_v2.default\">\n\t\t\t\t<div class=\"elementor-widget-container\">\n\t\t\t\t\t\n<div class=\"heading-widget layout-01\">\n    <div class=\"widget-wrap\">\n        <div class=\"heading-text style-01\">Todo un gusto en conocerte<\/div>  \n    <\/div>\n<\/div>\t\t\t\t<\/div>\n\t\t\t\t<\/div>\n\t\t\t\t<div class=\"elementor-element elementor-element-27fad29 elementor-widget__width-initial elementor-widget elementor-widget-pxl_heading_v2\" data-id=\"27fad29\" data-element_type=\"widget\" data-e-type=\"widget\" data-widget_type=\"pxl_heading_v2.default\">\n\t\t\t\t<div class=\"elementor-widget-container\">\n\t\t\t\t\t\n<div class=\"heading-widget layout-01\">\n    <div class=\"widget-wrap\">\n        <h2 class=\"heading-text  pxl-split-text split-in-fade\">Su puerta de entrada a una comunicaci\u00f3n fluida<\/h2>  \n    <\/div>\n<\/div>\t\t\t\t<\/div>\n\t\t\t\t<\/div>\n\t\t\t\t<div class=\"elementor-element elementor-element-968bddd elementor-widget__width-initial elementor-widget-laptop__width-inherit elementor-widget elementor-widget-pxl_heading_v2\" data-id=\"968bddd\" data-element_type=\"widget\" data-e-type=\"widget\" data-widget_type=\"pxl_heading_v2.default\">\n\t\t\t\t<div class=\"elementor-widget-container\">\n\t\t\t\t\t\n<div class=\"heading-widget layout-01\">\n    <div class=\"widget-wrap\">\n        <span class=\"heading-text \">\u00bfDesea m\u00e1s informaci\u00f3n o tiene alguna consulta?\nEscr\u00edbanos a nuestro correo electr\u00f3nico o ll\u00e1menos por tel\u00e9fono y uno de nuestros asesores le atender\u00e1 de inmediato.\n\u00a1Estamos listos para acompa\u00f1arle!<\/span>  \n    <\/div>\n<\/div>\t\t\t\t<\/div>\n\t\t\t\t<\/div>\n\t\t\t\t<\/div>\n\t\t<div class=\"elementor-element elementor-element-0dfaaaf e-con-full e-flex e-con e-child\" data-id=\"0dfaaaf\" data-element_type=\"container\" data-e-type=\"container\">\n\t\t\t\t\t\t<\/div>\n\t\t\t\t<\/div>\n\t\t\t\t\t<\/div>\n\t\t\t\t<\/div>\n\t\t\t\t<\/div>\n\t\t","protected":false},"excerpt":{"rendered":"<p>Contact \u00a1Vamos a conversar! \u00bfQuieres conocer nuestro equipo? ingrid.cohen@aplinet.co Llamanos (+57) 3174032215\u00a0 Para m\u00e1s asesoria Ingrid Cohen ingrid.cohen@aplinet.co Agenda tu demo Todo un gusto en conocerte Su puerta de entrada a una comunicaci\u00f3n fluida \u00bfDesea m\u00e1s informaci\u00f3n o tiene alguna consulta? Escr\u00edbanos a nuestro correo electr\u00f3nico o ll\u00e1menos por tel\u00e9fono y uno de nuestros asesores [&hellip;]<\/p>\n","protected":false},"author":1,"featured_media":0,"parent":0,"menu_order":0,"comment_status":"closed","ping_status":"closed","template":"","meta":{"footnotes":""},"class_list":["post-5441","page","type-page","status-publish","hentry"],"_links":{"self":[{"href":"https:\/\/aplinet.co\/Sorttime\/wp-json\/wp\/v2\/pages\/5441","targetHints":{"allow":["GET"]}}],"collection":[{"href":"https:\/\/aplinet.co\/Sorttime\/wp-json\/wp\/v2\/pages"}],"about":[{"href":"https:\/\/aplinet.co\/Sorttime\/wp-json\/wp\/v2\/types\/page"}],"author":[{"embeddable":true,"href":"https:\/\/aplinet.co\/Sorttime\/wp-json\/wp\/v2\/users\/1"}],"replies":[{"embeddable":true,"href":"https:\/\/aplinet.co\/Sorttime\/wp-json\/wp\/v2\/comments?post=5441"}],"version-history":[{"count":16,"href":"https:\/\/aplinet.co\/Sorttime\/wp-json\/wp\/v2\/pages\/5441\/revisions"}],"predecessor-version":[{"id":11466,"href":"https:\/\/aplinet.co\/Sorttime\/wp-json\/wp\/v2\/pages\/5441\/revisions\/11466"}],"wp:attachment":[{"href":"https:\/\/aplinet.co\/Sorttime\/wp-json\/wp\/v2\/media?parent=5441"}],"curies":[{"name":"wp","href":"https:\/\/api.w.org\/{rel}","templated":true}]}}