{"id":11619,"date":"2025-09-17T06:39:16","date_gmt":"2025-09-17T06:39:16","guid":{"rendered":"https:\/\/aplinet.co\/Sorttime\/?page_id=11619"},"modified":"2025-09-17T06:42:01","modified_gmt":"2025-09-17T06:42:01","slug":"digitalizacion","status":"publish","type":"page","link":"https:\/\/aplinet.co\/Sorttime\/digitalizacion\/","title":{"rendered":"Digitalizaci\u00f3n"},"content":{"rendered":"\t\t<div data-elementor-type=\"wp-page\" data-elementor-id=\"11619\" class=\"elementor elementor-11619\">\n\t\t\t\t<div class=\"elementor-element elementor-element-4ac3461 e-con-full e-flex e-con e-child\" data-id=\"4ac3461\" data-element_type=\"container\" data-e-type=\"container\" data-settings=\"{&quot;background_background&quot;:&quot;classic&quot;}\">\n\t\t\t\t<div class=\"elementor-element elementor-element-55dd0e5 e-con-full e-flex e-con e-child\" data-id=\"55dd0e5\" data-element_type=\"container\" data-e-type=\"container\">\n\t\t\t\t\t\t<div class=\"elementor-element elementor-element-9c58df0 elementor-widget__width-initial elementor-widget elementor-widget-pxl_heading_v2\" data-id=\"9c58df0\" data-element_type=\"widget\" data-e-type=\"widget\" data-widget_type=\"pxl_heading_v2.default\">\n\t\t\t\t<div class=\"elementor-widget-container\">\n\t\t\t\t\t\n<div class=\"heading-widget layout-01\">\n    <div class=\"widget-wrap\">\n        <h2 class=\"heading-text  pxl-split-text split-lines-transform\">Digitalizaci\u00f3n<\/h2>  \n    <\/div>\n<\/div>\t\t\t\t<\/div>\n\t\t\t\t<\/div>\n\t\t\t\t<div class=\"elementor-element elementor-element-b8c1b0e elementor-widget__width-initial elementor-widget elementor-widget-pxl_heading_v2\" data-id=\"b8c1b0e\" data-element_type=\"widget\" data-e-type=\"widget\" data-widget_type=\"pxl_heading_v2.default\">\n\t\t\t\t<div class=\"elementor-widget-container\">\n\t\t\t\t\t\n<div class=\"heading-widget layout-01\">\n    <div class=\"widget-wrap\">\n        <h2 class=\"heading-text \">Transforma documentos f\u00edsicos en digitales: n\u00f3mina, proveedores, facturas y m\u00e1s en segundos.<\/h2>  \n    <\/div>\n<\/div>\t\t\t\t<\/div>\n\t\t\t\t<\/div>\n\t\t\t\t<div class=\"elementor-element elementor-element-fcae37b elementor-widget elementor-widget-pxl_heading_v2\" data-id=\"fcae37b\" data-element_type=\"widget\" data-e-type=\"widget\" data-widget_type=\"pxl_heading_v2.default\">\n\t\t\t\t<div class=\"elementor-widget-container\">\n\t\t\t\t\t\n<div class=\"heading-widget layout-01\">\n    <div class=\"widget-wrap\">\n        <div class=\"heading-text style-01\">Algunos de los procesos con los que cuenta<\/div>  \n    <\/div>\n<\/div>\t\t\t\t<\/div>\n\t\t\t\t<\/div>\n\t\t<div class=\"elementor-element elementor-element-62913a4 e-con-full e-grid elementor-invisible pxl-elementor-animate e-con e-child\" data-id=\"62913a4\" data-element_type=\"container\" data-e-type=\"container\" data-settings=\"{&quot;animation&quot;:&quot;fadeIn&quot;,&quot;background_background&quot;:&quot;gradient&quot;}\">\n\t\t\t\t\t\t<div class=\"elementor-element elementor-element-85fb0e3 elementor-widget elementor-widget-pxl_fancy_box\" data-id=\"85fb0e3\" data-element_type=\"widget\" data-e-type=\"widget\" data-widget_type=\"pxl_fancy_box.default\">\n\t\t\t\t<div class=\"elementor-widget-container\">\n\t\t\t\t\t \r\n<div class=\"pxl-fancy-box-widget layout-6 scrolling-effect fromBottom\">\r\n    <div class=\"box-inner\">     \r\n                    <h3 class=\"box-title\">               \r\n                N\u00f3mina               \r\n            <\/h3>\r\n                             <div class=\"box-description\">Conversi\u00f3n y almacenamiento digital de documentos relacionados con pagos y procesos de personal.<\/div>\r\n                  \r\n    <\/div>  \r\n<\/div>\t\t\t\t<\/div>\n\t\t\t\t<\/div>\n\t\t\t\t<div class=\"elementor-element elementor-element-db6a8e7 elementor-widget elementor-widget-pxl_fancy_box\" data-id=\"db6a8e7\" data-element_type=\"widget\" data-e-type=\"widget\" data-widget_type=\"pxl_fancy_box.default\">\n\t\t\t\t<div class=\"elementor-widget-container\">\n\t\t\t\t\t \r\n<div class=\"pxl-fancy-box-widget layout-6 scrolling-effect fromBottom\">\r\n    <div class=\"box-inner\">     \r\n                    <h3 class=\"box-title\">               \r\n                Proveedores               \r\n            <\/h3>\r\n                             <div class=\"box-description\">Digitalizaci\u00f3n de contratos, \u00f3rdenes de compra y documentos de soporte de terceros.<\/div>\r\n                  \r\n    <\/div>  \r\n<\/div>\t\t\t\t<\/div>\n\t\t\t\t<\/div>\n\t\t\t\t<div class=\"elementor-element elementor-element-bcce37c elementor-widget elementor-widget-pxl_fancy_box\" data-id=\"bcce37c\" data-element_type=\"widget\" data-e-type=\"widget\" data-widget_type=\"pxl_fancy_box.default\">\n\t\t\t\t<div class=\"elementor-widget-container\">\n\t\t\t\t\t \r\n<div class=\"pxl-fancy-box-widget layout-6 scrolling-effect fromBottom\">\r\n    <div class=\"box-inner\">     \r\n                    <h3 class=\"box-title\">               \r\n                Facturas               \r\n            <\/h3>\r\n                             <div class=\"box-description\">Registro autom\u00e1tico de facturas f\u00edsicas a formato electr\u00f3nico, con validaci\u00f3n y trazabilidad.<\/div>\r\n                  \r\n    <\/div>  \r\n<\/div>\t\t\t\t<\/div>\n\t\t\t\t<\/div>\n\t\t\t\t<div class=\"elementor-element elementor-element-b3838da elementor-widget elementor-widget-pxl_fancy_box\" data-id=\"b3838da\" data-element_type=\"widget\" data-e-type=\"widget\" data-widget_type=\"pxl_fancy_box.default\">\n\t\t\t\t<div class=\"elementor-widget-container\">\n\t\t\t\t\t \r\n<div class=\"pxl-fancy-box-widget layout-6 scrolling-effect fromBottom\">\r\n    <div class=\"box-inner\">     \r\n                    <h3 class=\"box-title\">               \r\n                Gesti\u00f3n Documental               \r\n            <\/h3>\r\n                             <div class=\"box-description\">Organizaci\u00f3n centralizada de archivos digitalizados para f\u00e1cil b\u00fasqueda y acceso.<\/div>\r\n                  \r\n    <\/div>  \r\n<\/div>\t\t\t\t<\/div>\n\t\t\t\t<\/div>\n\t\t\t\t<div class=\"elementor-element elementor-element-7115aaf elementor-widget elementor-widget-pxl_fancy_box\" data-id=\"7115aaf\" data-element_type=\"widget\" data-e-type=\"widget\" data-widget_type=\"pxl_fancy_box.default\">\n\t\t\t\t<div class=\"elementor-widget-container\">\n\t\t\t\t\t \r\n<div class=\"pxl-fancy-box-widget layout-6 scrolling-effect fromBottom\">\r\n    <div class=\"box-inner\">     \r\n                    <h3 class=\"box-title\">               \r\n                Agilidad Operativa               \r\n            <\/h3>\r\n                             <div class=\"box-description\">Reducci\u00f3n del tiempo en tr\u00e1mites y procesos gracias a la eliminaci\u00f3n del papel.<\/div>\r\n                  \r\n    <\/div>  \r\n<\/div>\t\t\t\t<\/div>\n\t\t\t\t<\/div>\n\t\t\t\t<\/div>\n\t\t\t\t<\/div>\n\t\t\t\t<div class=\"elementor-element elementor-element-9a88ecc animated-fast elementor-invisible pxl-elementor-animate elementor-widget elementor-widget-pxl_button\" data-id=\"9a88ecc\" data-element_type=\"widget\" data-e-type=\"widget\" data-settings=\"{&quot;_animation&quot;:&quot;fadeIn&quot;,&quot;_animation_delay&quot;:150}\" data-widget_type=\"pxl_button.default\">\n\t\t\t\t<div class=\"elementor-widget-container\">\n\t\t\t\t\t<div class=\"pxl-button-widget layout-2\">\r\n    <div class=\"widget-wrap\">  \r\n        <svg xmlns=\"http:\/\/www.w3.org\/2000\/svg\" version=\"1.1\">\r\n            <defs>\r\n                <filter id=\"goo\">\r\n                    <feGaussianBlur in=\"SourceGraphic\" stdDeviation=\"5\" result=\"blur\" \/>\r\n                    <feColorMatrix in=\"blur\" mode=\"matrix\" values=\"1 0 0 0 0  0 1 0 0 0  0 0 1 0 0  0 0 0 19 -9\" result=\"goo\" \/>\r\n                    <feComposite in=\"SourceGraphic\" in2=\"goo\" operator=\"atop\"\/>\r\n                <\/filter>\r\n            <\/defs>\r\n        <\/svg>      \r\n        <a href=\"https:\/\/aplinet.co\/Sorttime\/contact\/\" class=\"tecko-button\">            \r\n            <span class=\"button-text\">Cont\u00e1ctanos<\/span>\r\n            <span class=\"button-icon\"><i class=\"pxli-arrow-top-right\" aria-hidden=\"true\"><\/i><\/span>       \r\n        <\/a>\r\n    <\/div>\r\n<\/div>\t\t\t\t<\/div>\n\t\t\t\t<\/div>\n\t\t\t\t<\/div>\n\t\t<div class=\"elementor-element elementor-element-cf58208 e-flex e-con-boxed e-con e-parent\" data-id=\"cf58208\" data-element_type=\"container\" data-e-type=\"container\">\n\t\t\t\t\t\t\t<div class=\"e-con-inner\">\n\t\t\t\t\t<\/div>\n\t\t\t\t<\/div>\n\t\t\t\t<\/div>\n\t\t","protected":false},"excerpt":{"rendered":"<p>Digitalizaci\u00f3n Transforma documentos f\u00edsicos en digitales: n\u00f3mina, proveedores, facturas y m\u00e1s en segundos. Algunos de los procesos con los que cuenta N\u00f3mina Conversi\u00f3n y almacenamiento digital de documentos relacionados con pagos y procesos de personal. Proveedores Digitalizaci\u00f3n de contratos, \u00f3rdenes de compra y documentos de soporte de terceros. Facturas Registro autom\u00e1tico de facturas f\u00edsicas a [&hellip;]<\/p>\n","protected":false},"author":1,"featured_media":0,"parent":0,"menu_order":0,"comment_status":"closed","ping_status":"closed","template":"","meta":{"footnotes":""},"class_list":["post-11619","page","type-page","status-publish","hentry"],"_links":{"self":[{"href":"https:\/\/aplinet.co\/Sorttime\/wp-json\/wp\/v2\/pages\/11619","targetHints":{"allow":["GET"]}}],"collection":[{"href":"https:\/\/aplinet.co\/Sorttime\/wp-json\/wp\/v2\/pages"}],"about":[{"href":"https:\/\/aplinet.co\/Sorttime\/wp-json\/wp\/v2\/types\/page"}],"author":[{"embeddable":true,"href":"https:\/\/aplinet.co\/Sorttime\/wp-json\/wp\/v2\/users\/1"}],"replies":[{"embeddable":true,"href":"https:\/\/aplinet.co\/Sorttime\/wp-json\/wp\/v2\/comments?post=11619"}],"version-history":[{"count":5,"href":"https:\/\/aplinet.co\/Sorttime\/wp-json\/wp\/v2\/pages\/11619\/revisions"}],"predecessor-version":[{"id":11625,"href":"https:\/\/aplinet.co\/Sorttime\/wp-json\/wp\/v2\/pages\/11619\/revisions\/11625"}],"wp:attachment":[{"href":"https:\/\/aplinet.co\/Sorttime\/wp-json\/wp\/v2\/media?parent=11619"}],"curies":[{"name":"wp","href":"https:\/\/api.w.org\/{rel}","templated":true}]}}