{"id":11609,"date":"2025-09-17T06:34:58","date_gmt":"2025-09-17T06:34:58","guid":{"rendered":"https:\/\/aplinet.co\/Sorttime\/?page_id=11609"},"modified":"2025-09-17T06:38:11","modified_gmt":"2025-09-17T06:38:11","slug":"bi","status":"publish","type":"page","link":"https:\/\/aplinet.co\/Sorttime\/bi\/","title":{"rendered":"BI"},"content":{"rendered":"\t\t<div data-elementor-type=\"wp-page\" data-elementor-id=\"11609\" class=\"elementor elementor-11609\">\n\t\t\t\t<div class=\"elementor-element elementor-element-79c08c1 e-con-full e-flex e-con e-child\" data-id=\"79c08c1\" data-element_type=\"container\" data-e-type=\"container\" data-settings=\"{&quot;background_background&quot;:&quot;classic&quot;}\">\n\t\t\t\t<div class=\"elementor-element elementor-element-6c59591 e-con-full e-flex e-con e-child\" data-id=\"6c59591\" data-element_type=\"container\" data-e-type=\"container\">\n\t\t\t\t\t\t<div class=\"elementor-element elementor-element-b4fbcb4 elementor-widget__width-initial elementor-widget elementor-widget-pxl_heading_v2\" data-id=\"b4fbcb4\" data-element_type=\"widget\" data-e-type=\"widget\" data-widget_type=\"pxl_heading_v2.default\">\n\t\t\t\t<div class=\"elementor-widget-container\">\n\t\t\t\t\t\n<div class=\"heading-widget layout-01\">\n    <div class=\"widget-wrap\">\n        <h2 class=\"heading-text  pxl-split-text split-lines-transform\">Business Intelligence<\/h2>  \n    <\/div>\n<\/div>\t\t\t\t<\/div>\n\t\t\t\t<\/div>\n\t\t\t\t<div class=\"elementor-element elementor-element-1bc1a38 elementor-widget__width-initial elementor-widget elementor-widget-pxl_heading_v2\" data-id=\"1bc1a38\" data-element_type=\"widget\" data-e-type=\"widget\" data-widget_type=\"pxl_heading_v2.default\">\n\t\t\t\t<div class=\"elementor-widget-container\">\n\t\t\t\t\t\n<div class=\"heading-widget layout-01\">\n    <div class=\"widget-wrap\">\n        <h2 class=\"heading-text \">Toma decisiones con confianza: reportes e indicadores en tiempo real al alcance de un clic.<\/h2>  \n    <\/div>\n<\/div>\t\t\t\t<\/div>\n\t\t\t\t<\/div>\n\t\t\t\t<div class=\"elementor-element elementor-element-591815e elementor-widget elementor-widget-pxl_heading_v2\" data-id=\"591815e\" data-element_type=\"widget\" data-e-type=\"widget\" data-widget_type=\"pxl_heading_v2.default\">\n\t\t\t\t<div class=\"elementor-widget-container\">\n\t\t\t\t\t\n<div class=\"heading-widget layout-01\">\n    <div class=\"widget-wrap\">\n        <div class=\"heading-text style-01\">Algunos de los procesos con los que cuenta<\/div>  \n    <\/div>\n<\/div>\t\t\t\t<\/div>\n\t\t\t\t<\/div>\n\t\t<div class=\"elementor-element elementor-element-1d1826b e-con-full e-grid elementor-invisible pxl-elementor-animate e-con e-child\" data-id=\"1d1826b\" data-element_type=\"container\" data-e-type=\"container\" data-settings=\"{&quot;animation&quot;:&quot;fadeIn&quot;,&quot;background_background&quot;:&quot;gradient&quot;}\">\n\t\t\t\t\t\t<div class=\"elementor-element elementor-element-9a9cdbb elementor-widget elementor-widget-pxl_fancy_box\" data-id=\"9a9cdbb\" data-element_type=\"widget\" data-e-type=\"widget\" data-widget_type=\"pxl_fancy_box.default\">\n\t\t\t\t<div class=\"elementor-widget-container\">\n\t\t\t\t\t \r\n<div class=\"pxl-fancy-box-widget layout-6 scrolling-effect fromBottom\">\r\n    <div class=\"box-inner\">     \r\n                    <h3 class=\"box-title\">               \r\n                Integraci\u00f3n Con Datos               \r\n            <\/h3>\r\n                             <div class=\"box-description\">Conexi\u00f3n directa con la informaci\u00f3n del sistema para visualizar indicadores en tiempo real.<\/div>\r\n                  \r\n    <\/div>  \r\n<\/div>\t\t\t\t<\/div>\n\t\t\t\t<\/div>\n\t\t\t\t<div class=\"elementor-element elementor-element-243e274 elementor-widget elementor-widget-pxl_fancy_box\" data-id=\"243e274\" data-element_type=\"widget\" data-e-type=\"widget\" data-widget_type=\"pxl_fancy_box.default\">\n\t\t\t\t<div class=\"elementor-widget-container\">\n\t\t\t\t\t \r\n<div class=\"pxl-fancy-box-widget layout-6 scrolling-effect fromBottom\">\r\n    <div class=\"box-inner\">     \r\n                    <h3 class=\"box-title\">               \r\n                Cuadros De Mando               \r\n            <\/h3>\r\n                             <div class=\"box-description\">Creaci\u00f3n de dashboards din\u00e1micos con m\u00e9tricas clave para cada \u00e1rea de la organizaci\u00f3n.<\/div>\r\n                  \r\n    <\/div>  \r\n<\/div>\t\t\t\t<\/div>\n\t\t\t\t<\/div>\n\t\t\t\t<div class=\"elementor-element elementor-element-fdc09c8 elementor-widget elementor-widget-pxl_fancy_box\" data-id=\"fdc09c8\" data-element_type=\"widget\" data-e-type=\"widget\" data-widget_type=\"pxl_fancy_box.default\">\n\t\t\t\t<div class=\"elementor-widget-container\">\n\t\t\t\t\t \r\n<div class=\"pxl-fancy-box-widget layout-6 scrolling-effect fromBottom\">\r\n    <div class=\"box-inner\">     \r\n                    <h3 class=\"box-title\">               \r\n                Reportes Interactivos               \r\n            <\/h3>\r\n                             <div class=\"box-description\">Generaci\u00f3n de informes visuales que permiten filtrar, explorar y profundizar en los datos.<\/div>\r\n                  \r\n    <\/div>  \r\n<\/div>\t\t\t\t<\/div>\n\t\t\t\t<\/div>\n\t\t\t\t<div class=\"elementor-element elementor-element-e6ea227 elementor-widget elementor-widget-pxl_fancy_box\" data-id=\"e6ea227\" data-element_type=\"widget\" data-e-type=\"widget\" data-widget_type=\"pxl_fancy_box.default\">\n\t\t\t\t<div class=\"elementor-widget-container\">\n\t\t\t\t\t \r\n<div class=\"pxl-fancy-box-widget layout-6 scrolling-effect fromBottom\">\r\n    <div class=\"box-inner\">     \r\n                    <h3 class=\"box-title\">               \r\n                An\u00e1lisis Predictivo               \r\n            <\/h3>\r\n                             <div class=\"box-description\">Uso de modelos avanzados para identificar tendencias y anticipar escenarios futuros.<\/div>\r\n                  \r\n    <\/div>  \r\n<\/div>\t\t\t\t<\/div>\n\t\t\t\t<\/div>\n\t\t\t\t<div class=\"elementor-element elementor-element-3ab3684 elementor-widget elementor-widget-pxl_fancy_box\" data-id=\"3ab3684\" data-element_type=\"widget\" data-e-type=\"widget\" data-widget_type=\"pxl_fancy_box.default\">\n\t\t\t\t<div class=\"elementor-widget-container\">\n\t\t\t\t\t \r\n<div class=\"pxl-fancy-box-widget layout-6 scrolling-effect fromBottom\">\r\n    <div class=\"box-inner\">     \r\n                    <h3 class=\"box-title\">               \r\n                Automatizaci\u00f3n De Actualizaciones               \r\n            <\/h3>\r\n                             <div class=\"box-description\">Automatizaci\u00f3n De Actualizaciones:<\/div>\r\n                  \r\n    <\/div>  \r\n<\/div>\t\t\t\t<\/div>\n\t\t\t\t<\/div>\n\t\t\t\t<\/div>\n\t\t\t\t<\/div>\n\t\t\t\t<div class=\"elementor-element elementor-element-5911799 animated-fast elementor-invisible pxl-elementor-animate elementor-widget elementor-widget-pxl_button\" data-id=\"5911799\" data-element_type=\"widget\" data-e-type=\"widget\" data-settings=\"{&quot;_animation&quot;:&quot;fadeIn&quot;,&quot;_animation_delay&quot;:150}\" data-widget_type=\"pxl_button.default\">\n\t\t\t\t<div class=\"elementor-widget-container\">\n\t\t\t\t\t<div class=\"pxl-button-widget layout-2\">\r\n    <div class=\"widget-wrap\">  \r\n        <svg xmlns=\"http:\/\/www.w3.org\/2000\/svg\" version=\"1.1\">\r\n            <defs>\r\n                <filter id=\"goo\">\r\n                    <feGaussianBlur in=\"SourceGraphic\" stdDeviation=\"5\" result=\"blur\" \/>\r\n                    <feColorMatrix in=\"blur\" mode=\"matrix\" values=\"1 0 0 0 0  0 1 0 0 0  0 0 1 0 0  0 0 0 19 -9\" result=\"goo\" \/>\r\n                    <feComposite in=\"SourceGraphic\" in2=\"goo\" operator=\"atop\"\/>\r\n                <\/filter>\r\n            <\/defs>\r\n        <\/svg>      \r\n        <a href=\"https:\/\/aplinet.co\/Sorttime\/contact\/\" class=\"tecko-button\">            \r\n            <span class=\"button-text\">Cont\u00e1ctanos<\/span>\r\n            <span class=\"button-icon\"><i class=\"pxli-arrow-top-right\" aria-hidden=\"true\"><\/i><\/span>       \r\n        <\/a>\r\n    <\/div>\r\n<\/div>\t\t\t\t<\/div>\n\t\t\t\t<\/div>\n\t\t\t\t<\/div>\n\t\t<div class=\"elementor-element elementor-element-5fb7ac6 e-flex e-con-boxed e-con e-parent\" data-id=\"5fb7ac6\" data-element_type=\"container\" data-e-type=\"container\">\n\t\t\t\t\t\t\t<div class=\"e-con-inner\">\n\t\t\t\t\t<\/div>\n\t\t\t\t<\/div>\n\t\t\t\t<\/div>\n\t\t","protected":false},"excerpt":{"rendered":"<p>Business Intelligence Toma decisiones con confianza: reportes e indicadores en tiempo real al alcance de un clic. Algunos de los procesos con los que cuenta Integraci\u00f3n Con Datos Conexi\u00f3n directa con la informaci\u00f3n del sistema para visualizar indicadores en tiempo real. Cuadros De Mando Creaci\u00f3n de dashboards din\u00e1micos con m\u00e9tricas clave para cada \u00e1rea de [&hellip;]<\/p>\n","protected":false},"author":1,"featured_media":0,"parent":0,"menu_order":0,"comment_status":"closed","ping_status":"closed","template":"","meta":{"footnotes":""},"class_list":["post-11609","page","type-page","status-publish","hentry"],"_links":{"self":[{"href":"https:\/\/aplinet.co\/Sorttime\/wp-json\/wp\/v2\/pages\/11609","targetHints":{"allow":["GET"]}}],"collection":[{"href":"https:\/\/aplinet.co\/Sorttime\/wp-json\/wp\/v2\/pages"}],"about":[{"href":"https:\/\/aplinet.co\/Sorttime\/wp-json\/wp\/v2\/types\/page"}],"author":[{"embeddable":true,"href":"https:\/\/aplinet.co\/Sorttime\/wp-json\/wp\/v2\/users\/1"}],"replies":[{"embeddable":true,"href":"https:\/\/aplinet.co\/Sorttime\/wp-json\/wp\/v2\/comments?post=11609"}],"version-history":[{"count":5,"href":"https:\/\/aplinet.co\/Sorttime\/wp-json\/wp\/v2\/pages\/11609\/revisions"}],"predecessor-version":[{"id":11615,"href":"https:\/\/aplinet.co\/Sorttime\/wp-json\/wp\/v2\/pages\/11609\/revisions\/11615"}],"wp:attachment":[{"href":"https:\/\/aplinet.co\/Sorttime\/wp-json\/wp\/v2\/media?parent=11609"}],"curies":[{"name":"wp","href":"https:\/\/api.w.org\/{rel}","templated":true}]}}