{"id":11594,"date":"2025-09-17T06:21:12","date_gmt":"2025-09-17T06:21:12","guid":{"rendered":"https:\/\/aplinet.co\/Sorttime\/?page_id=11594"},"modified":"2025-09-17T06:24:13","modified_gmt":"2025-09-17T06:24:13","slug":"oficina-virtual-clientes","status":"publish","type":"page","link":"https:\/\/aplinet.co\/Sorttime\/oficina-virtual-clientes\/","title":{"rendered":"Oficina Virtual Clientes"},"content":{"rendered":"\t\t<div data-elementor-type=\"wp-page\" data-elementor-id=\"11594\" class=\"elementor elementor-11594\">\n\t\t\t\t<div class=\"elementor-element elementor-element-9893d49 e-con-full e-flex e-con e-child\" data-id=\"9893d49\" data-element_type=\"container\" data-e-type=\"container\" data-settings=\"{&quot;background_background&quot;:&quot;classic&quot;}\">\n\t\t\t\t<div class=\"elementor-element elementor-element-0161dad e-con-full e-flex e-con e-child\" data-id=\"0161dad\" data-element_type=\"container\" data-e-type=\"container\">\n\t\t\t\t\t\t<div class=\"elementor-element elementor-element-52dd859 elementor-widget__width-initial elementor-widget elementor-widget-pxl_heading_v2\" data-id=\"52dd859\" data-element_type=\"widget\" data-e-type=\"widget\" data-widget_type=\"pxl_heading_v2.default\">\n\t\t\t\t<div class=\"elementor-widget-container\">\n\t\t\t\t\t\n<div class=\"heading-widget layout-01\">\n    <div class=\"widget-wrap\">\n        <h2 class=\"heading-text  pxl-split-text split-lines-transform\">Oficina Virtual Clientes<\/h2>  \n    <\/div>\n<\/div>\t\t\t\t<\/div>\n\t\t\t\t<\/div>\n\t\t\t\t<div class=\"elementor-element elementor-element-dbfe1f1 elementor-widget__width-initial elementor-widget elementor-widget-pxl_heading_v2\" data-id=\"dbfe1f1\" data-element_type=\"widget\" data-e-type=\"widget\" data-widget_type=\"pxl_heading_v2.default\">\n\t\t\t\t<div class=\"elementor-widget-container\">\n\t\t\t\t\t\n<div class=\"heading-widget layout-01\">\n    <div class=\"widget-wrap\">\n        <h2 class=\"heading-text \">Brinda a tus clientes acceso a contratos, facturas e informes en un portal 24\/7.<\/h2>  \n    <\/div>\n<\/div>\t\t\t\t<\/div>\n\t\t\t\t<\/div>\n\t\t\t\t<div class=\"elementor-element elementor-element-0c393b0 elementor-widget elementor-widget-pxl_heading_v2\" data-id=\"0c393b0\" data-element_type=\"widget\" data-e-type=\"widget\" data-widget_type=\"pxl_heading_v2.default\">\n\t\t\t\t<div class=\"elementor-widget-container\">\n\t\t\t\t\t\n<div class=\"heading-widget layout-01\">\n    <div class=\"widget-wrap\">\n        <div class=\"heading-text style-01\">Algunos de los procesos con los que cuenta<\/div>  \n    <\/div>\n<\/div>\t\t\t\t<\/div>\n\t\t\t\t<\/div>\n\t\t<div class=\"elementor-element elementor-element-80439aa e-con-full e-grid elementor-invisible pxl-elementor-animate e-con e-child\" data-id=\"80439aa\" data-element_type=\"container\" data-e-type=\"container\" data-settings=\"{&quot;animation&quot;:&quot;fadeIn&quot;,&quot;background_background&quot;:&quot;gradient&quot;}\">\n\t\t\t\t\t\t<div class=\"elementor-element elementor-element-ce390a8 elementor-widget elementor-widget-pxl_fancy_box\" data-id=\"ce390a8\" data-element_type=\"widget\" data-e-type=\"widget\" data-widget_type=\"pxl_fancy_box.default\">\n\t\t\t\t<div class=\"elementor-widget-container\">\n\t\t\t\t\t \r\n<div class=\"pxl-fancy-box-widget layout-6 scrolling-effect fromBottom\">\r\n    <div class=\"box-inner\">     \r\n                    <h3 class=\"box-title\">               \r\n                Solicitud De Contratos               \r\n            <\/h3>\r\n                             <div class=\"box-description\">Permite a los clientes generar y gestionar solicitudes de contratos de manera \u00e1gil, con trazabilidad de aprobaciones y estados.<\/div>\r\n                  \r\n    <\/div>  \r\n<\/div>\t\t\t\t<\/div>\n\t\t\t\t<\/div>\n\t\t\t\t<div class=\"elementor-element elementor-element-eb0fe74 elementor-widget elementor-widget-pxl_fancy_box\" data-id=\"eb0fe74\" data-element_type=\"widget\" data-e-type=\"widget\" data-widget_type=\"pxl_fancy_box.default\">\n\t\t\t\t<div class=\"elementor-widget-container\">\n\t\t\t\t\t \r\n<div class=\"pxl-fancy-box-widget layout-6 scrolling-effect fromBottom\">\r\n    <div class=\"box-inner\">     \r\n                    <h3 class=\"box-title\">               \r\n                Solicitudes De Reclutamiento               \r\n            <\/h3>\r\n                             <div class=\"box-description\">Facilita la petici\u00f3n de personal requerido, integrando el proceso de selecci\u00f3n y manteniendo un control de cada etapa.<\/div>\r\n                  \r\n    <\/div>  \r\n<\/div>\t\t\t\t<\/div>\n\t\t\t\t<\/div>\n\t\t\t\t<div class=\"elementor-element elementor-element-b5e2a52 elementor-widget elementor-widget-pxl_fancy_box\" data-id=\"b5e2a52\" data-element_type=\"widget\" data-e-type=\"widget\" data-widget_type=\"pxl_fancy_box.default\">\n\t\t\t\t<div class=\"elementor-widget-container\">\n\t\t\t\t\t \r\n<div class=\"pxl-fancy-box-widget layout-6 scrolling-effect fromBottom\">\r\n    <div class=\"box-inner\">     \r\n                    <h3 class=\"box-title\">               \r\n                Seguimientos               \r\n            <\/h3>\r\n                             <div class=\"box-description\">Ofrece una vista detallada del avance de solicitudes, contratos y reclutamientos, asegurando cumplimiento en tiempos y procesos.<\/div>\r\n                  \r\n    <\/div>  \r\n<\/div>\t\t\t\t<\/div>\n\t\t\t\t<\/div>\n\t\t\t\t<div class=\"elementor-element elementor-element-8b21e05 elementor-widget elementor-widget-pxl_fancy_box\" data-id=\"8b21e05\" data-element_type=\"widget\" data-e-type=\"widget\" data-widget_type=\"pxl_fancy_box.default\">\n\t\t\t\t<div class=\"elementor-widget-container\">\n\t\t\t\t\t \r\n<div class=\"pxl-fancy-box-widget layout-6 scrolling-effect fromBottom\">\r\n    <div class=\"box-inner\">     \r\n                    <h3 class=\"box-title\">               \r\n                Consulta De Documentos               \r\n            <\/h3>\r\n                             <div class=\"box-description\">Brinda acceso seguro y organizado a documentos asociados a contratos, reclutamiento y gestiones administrativas.<\/div>\r\n                  \r\n    <\/div>  \r\n<\/div>\t\t\t\t<\/div>\n\t\t\t\t<\/div>\n\t\t\t\t<div class=\"elementor-element elementor-element-95d13f9 elementor-widget elementor-widget-pxl_fancy_box\" data-id=\"95d13f9\" data-element_type=\"widget\" data-e-type=\"widget\" data-widget_type=\"pxl_fancy_box.default\">\n\t\t\t\t<div class=\"elementor-widget-container\">\n\t\t\t\t\t \r\n<div class=\"pxl-fancy-box-widget layout-6 scrolling-effect fromBottom\">\r\n    <div class=\"box-inner\">     \r\n                    <h3 class=\"box-title\">               \r\n                Autorizaci\u00f3n De Procesos               \r\n            <\/h3>\r\n                             <div class=\"box-description\">Gestiona la validaci\u00f3n de tr\u00e1mites clave, garantizando control jer\u00e1rquico y cumplimiento de pol\u00edticas internas.<\/div>\r\n                  \r\n    <\/div>  \r\n<\/div>\t\t\t\t<\/div>\n\t\t\t\t<\/div>\n\t\t\t\t<div class=\"elementor-element elementor-element-8481474 elementor-widget elementor-widget-pxl_fancy_box\" data-id=\"8481474\" data-element_type=\"widget\" data-e-type=\"widget\" data-widget_type=\"pxl_fancy_box.default\">\n\t\t\t\t<div class=\"elementor-widget-container\">\n\t\t\t\t\t \r\n<div class=\"pxl-fancy-box-widget layout-6 scrolling-effect fromBottom\">\r\n    <div class=\"box-inner\">     \r\n                    <h3 class=\"box-title\">               \r\n                Informes               \r\n            <\/h3>\r\n                             <div class=\"box-description\">Genera reportes consolidados de solicitudes, contrataciones y actividades operativas, apoyando la toma de decisiones con informaci\u00f3n confiable.<\/div>\r\n                  \r\n    <\/div>  \r\n<\/div>\t\t\t\t<\/div>\n\t\t\t\t<\/div>\n\t\t\t\t<\/div>\n\t\t\t\t<\/div>\n\t\t\t\t<div class=\"elementor-element elementor-element-fa6441e animated-fast elementor-invisible pxl-elementor-animate elementor-widget elementor-widget-pxl_button\" data-id=\"fa6441e\" data-element_type=\"widget\" data-e-type=\"widget\" data-settings=\"{&quot;_animation&quot;:&quot;fadeIn&quot;,&quot;_animation_delay&quot;:150}\" data-widget_type=\"pxl_button.default\">\n\t\t\t\t<div class=\"elementor-widget-container\">\n\t\t\t\t\t<div class=\"pxl-button-widget layout-2\">\r\n    <div class=\"widget-wrap\">  \r\n        <svg xmlns=\"http:\/\/www.w3.org\/2000\/svg\" version=\"1.1\">\r\n            <defs>\r\n                <filter id=\"goo\">\r\n                    <feGaussianBlur in=\"SourceGraphic\" stdDeviation=\"5\" result=\"blur\" \/>\r\n                    <feColorMatrix in=\"blur\" mode=\"matrix\" values=\"1 0 0 0 0  0 1 0 0 0  0 0 1 0 0  0 0 0 19 -9\" result=\"goo\" \/>\r\n                    <feComposite in=\"SourceGraphic\" in2=\"goo\" operator=\"atop\"\/>\r\n                <\/filter>\r\n            <\/defs>\r\n        <\/svg>      \r\n        <a href=\"https:\/\/aplinet.co\/Sorttime\/contact\/\" class=\"tecko-button\">            \r\n            <span class=\"button-text\">Cont\u00e1ctanos<\/span>\r\n            <span class=\"button-icon\"><i class=\"pxli-arrow-top-right\" aria-hidden=\"true\"><\/i><\/span>       \r\n        <\/a>\r\n    <\/div>\r\n<\/div>\t\t\t\t<\/div>\n\t\t\t\t<\/div>\n\t\t\t\t<\/div>\n\t\t<div class=\"elementor-element elementor-element-eaa6f47 e-flex e-con-boxed e-con e-parent\" data-id=\"eaa6f47\" data-element_type=\"container\" data-e-type=\"container\">\n\t\t\t\t\t\t\t<div class=\"e-con-inner\">\n\t\t\t\t\t<\/div>\n\t\t\t\t<\/div>\n\t\t\t\t<\/div>\n\t\t","protected":false},"excerpt":{"rendered":"<p>Oficina Virtual Clientes Brinda a tus clientes acceso a contratos, facturas e informes en un portal 24\/7. Algunos de los procesos con los que cuenta Solicitud De Contratos Permite a los clientes generar y gestionar solicitudes de contratos de manera \u00e1gil, con trazabilidad de aprobaciones y estados. Solicitudes De Reclutamiento Facilita la petici\u00f3n de personal [&hellip;]<\/p>\n","protected":false},"author":1,"featured_media":0,"parent":0,"menu_order":0,"comment_status":"closed","ping_status":"closed","template":"","meta":{"footnotes":""},"class_list":["post-11594","page","type-page","status-publish","hentry"],"_links":{"self":[{"href":"https:\/\/aplinet.co\/Sorttime\/wp-json\/wp\/v2\/pages\/11594","targetHints":{"allow":["GET"]}}],"collection":[{"href":"https:\/\/aplinet.co\/Sorttime\/wp-json\/wp\/v2\/pages"}],"about":[{"href":"https:\/\/aplinet.co\/Sorttime\/wp-json\/wp\/v2\/types\/page"}],"author":[{"embeddable":true,"href":"https:\/\/aplinet.co\/Sorttime\/wp-json\/wp\/v2\/users\/1"}],"replies":[{"embeddable":true,"href":"https:\/\/aplinet.co\/Sorttime\/wp-json\/wp\/v2\/comments?post=11594"}],"version-history":[{"count":4,"href":"https:\/\/aplinet.co\/Sorttime\/wp-json\/wp\/v2\/pages\/11594\/revisions"}],"predecessor-version":[{"id":11598,"href":"https:\/\/aplinet.co\/Sorttime\/wp-json\/wp\/v2\/pages\/11594\/revisions\/11598"}],"wp:attachment":[{"href":"https:\/\/aplinet.co\/Sorttime\/wp-json\/wp\/v2\/media?parent=11594"}],"curies":[{"name":"wp","href":"https:\/\/api.w.org\/{rel}","templated":true}]}}