{"id":11581,"date":"2025-09-17T06:10:42","date_gmt":"2025-09-17T06:10:42","guid":{"rendered":"https:\/\/aplinet.co\/Sorttime\/?page_id=11581"},"modified":"2025-09-17T06:16:26","modified_gmt":"2025-09-17T06:16:26","slug":"compras","status":"publish","type":"page","link":"https:\/\/aplinet.co\/Sorttime\/compras\/","title":{"rendered":"Compras"},"content":{"rendered":"\t\t<div data-elementor-type=\"wp-page\" data-elementor-id=\"11581\" class=\"elementor elementor-11581\">\n\t\t\t\t<div class=\"elementor-element elementor-element-33d861f e-con-full e-flex e-con e-child\" data-id=\"33d861f\" data-element_type=\"container\" data-e-type=\"container\" data-settings=\"{&quot;background_background&quot;:&quot;classic&quot;}\">\n\t\t\t\t<div class=\"elementor-element elementor-element-17383df e-con-full e-flex e-con e-child\" data-id=\"17383df\" data-element_type=\"container\" data-e-type=\"container\">\n\t\t\t\t\t\t<div class=\"elementor-element elementor-element-383c303 elementor-widget__width-initial elementor-widget elementor-widget-pxl_heading_v2\" data-id=\"383c303\" data-element_type=\"widget\" data-e-type=\"widget\" data-widget_type=\"pxl_heading_v2.default\">\n\t\t\t\t<div class=\"elementor-widget-container\">\n\t\t\t\t\t\n<div class=\"heading-widget layout-01\">\n    <div class=\"widget-wrap\">\n        <h2 class=\"heading-text  pxl-split-text split-lines-transform\">Compras<\/h2>  \n    <\/div>\n<\/div>\t\t\t\t<\/div>\n\t\t\t\t<\/div>\n\t\t\t\t<div class=\"elementor-element elementor-element-a0ff311 elementor-widget__width-initial elementor-widget elementor-widget-pxl_heading_v2\" data-id=\"a0ff311\" data-element_type=\"widget\" data-e-type=\"widget\" data-widget_type=\"pxl_heading_v2.default\">\n\t\t\t\t<div class=\"elementor-widget-container\">\n\t\t\t\t\t\n<div class=\"heading-widget layout-01\">\n    <div class=\"widget-wrap\">\n        <h2 class=\"heading-text \">Controla requisiciones, \u00f3rdenes de compra, stock y entregas con procesos \u00e1giles y seguros.<\/h2>  \n    <\/div>\n<\/div>\t\t\t\t<\/div>\n\t\t\t\t<\/div>\n\t\t\t\t<div class=\"elementor-element elementor-element-48a5e5a elementor-widget elementor-widget-pxl_heading_v2\" data-id=\"48a5e5a\" data-element_type=\"widget\" data-e-type=\"widget\" data-widget_type=\"pxl_heading_v2.default\">\n\t\t\t\t<div class=\"elementor-widget-container\">\n\t\t\t\t\t\n<div class=\"heading-widget layout-01\">\n    <div class=\"widget-wrap\">\n        <div class=\"heading-text style-01\">Algunos de los procesos con los que cuenta<\/div>  \n    <\/div>\n<\/div>\t\t\t\t<\/div>\n\t\t\t\t<\/div>\n\t\t<div class=\"elementor-element elementor-element-3607ffb e-con-full e-grid elementor-invisible pxl-elementor-animate e-con e-child\" data-id=\"3607ffb\" data-element_type=\"container\" data-e-type=\"container\" data-settings=\"{&quot;animation&quot;:&quot;fadeIn&quot;,&quot;background_background&quot;:&quot;gradient&quot;}\">\n\t\t\t\t\t\t<div class=\"elementor-element elementor-element-c07cfd7 elementor-widget elementor-widget-pxl_fancy_box\" data-id=\"c07cfd7\" data-element_type=\"widget\" data-e-type=\"widget\" data-widget_type=\"pxl_fancy_box.default\">\n\t\t\t\t<div class=\"elementor-widget-container\">\n\t\t\t\t\t \r\n<div class=\"pxl-fancy-box-widget layout-6 scrolling-effect fromBottom\">\r\n    <div class=\"box-inner\">     \r\n                    <h3 class=\"box-title\">               \r\n                Manejo de Requisiciones por Jerarqu\u00eda               \r\n            <\/h3>\r\n                             <div class=\"box-description\">Control de solicitudes de insumos con flujos de aprobaci\u00f3n seg\u00fan niveles de responsabilidad.<\/div>\r\n                  \r\n    <\/div>  \r\n<\/div>\t\t\t\t<\/div>\n\t\t\t\t<\/div>\n\t\t\t\t<div class=\"elementor-element elementor-element-d3b8d24 elementor-widget elementor-widget-pxl_fancy_box\" data-id=\"d3b8d24\" data-element_type=\"widget\" data-e-type=\"widget\" data-widget_type=\"pxl_fancy_box.default\">\n\t\t\t\t<div class=\"elementor-widget-container\">\n\t\t\t\t\t \r\n<div class=\"pxl-fancy-box-widget layout-6 scrolling-effect fromBottom\">\r\n    <div class=\"box-inner\">     \r\n                    <h3 class=\"box-title\">               \r\n                Control por Bodega               \r\n            <\/h3>\r\n                             <div class=\"box-description\">Registro detallado de entradas, salidas y existencias en cada almac\u00e9n o centro de distribuci\u00f3n.<\/div>\r\n                  \r\n    <\/div>  \r\n<\/div>\t\t\t\t<\/div>\n\t\t\t\t<\/div>\n\t\t\t\t<div class=\"elementor-element elementor-element-82d6b72 elementor-widget elementor-widget-pxl_fancy_box\" data-id=\"82d6b72\" data-element_type=\"widget\" data-e-type=\"widget\" data-widget_type=\"pxl_fancy_box.default\">\n\t\t\t\t<div class=\"elementor-widget-container\">\n\t\t\t\t\t \r\n<div class=\"pxl-fancy-box-widget layout-6 scrolling-effect fromBottom\">\r\n    <div class=\"box-inner\">     \r\n                    <h3 class=\"box-title\">               \r\n                Aprobaciones               \r\n            <\/h3>\r\n                             <div class=\"box-description\">Validaci\u00f3n \u00e1gil de compras y movimientos conforme a perfiles y pol\u00edticas internas.<\/div>\r\n                  \r\n    <\/div>  \r\n<\/div>\t\t\t\t<\/div>\n\t\t\t\t<\/div>\n\t\t\t\t<div class=\"elementor-element elementor-element-3890ded elementor-widget elementor-widget-pxl_fancy_box\" data-id=\"3890ded\" data-element_type=\"widget\" data-e-type=\"widget\" data-widget_type=\"pxl_fancy_box.default\">\n\t\t\t\t<div class=\"elementor-widget-container\">\n\t\t\t\t\t \r\n<div class=\"pxl-fancy-box-widget layout-6 scrolling-effect fromBottom\">\r\n    <div class=\"box-inner\">     \r\n                    <h3 class=\"box-title\">               \r\n                Remisiones               \r\n            <\/h3>\r\n                             <div class=\"box-description\">Emisi\u00f3n y control de entregas parciales o totales con soporte documental.<\/div>\r\n                  \r\n    <\/div>  \r\n<\/div>\t\t\t\t<\/div>\n\t\t\t\t<\/div>\n\t\t\t\t<div class=\"elementor-element elementor-element-d2561ad elementor-widget elementor-widget-pxl_fancy_box\" data-id=\"d2561ad\" data-element_type=\"widget\" data-e-type=\"widget\" data-widget_type=\"pxl_fancy_box.default\">\n\t\t\t\t<div class=\"elementor-widget-container\">\n\t\t\t\t\t \r\n<div class=\"pxl-fancy-box-widget layout-6 scrolling-effect fromBottom\">\r\n    <div class=\"box-inner\">     \r\n                    <h3 class=\"box-title\">               \r\n                \u00d3rdenes de Compra               \r\n            <\/h3>\r\n                             <div class=\"box-description\">Creaci\u00f3n, seguimiento y control de compras con trazabilidad desde la solicitud hasta la recepci\u00f3n.<\/div>\r\n                  \r\n    <\/div>  \r\n<\/div>\t\t\t\t<\/div>\n\t\t\t\t<\/div>\n\t\t\t\t<div class=\"elementor-element elementor-element-ff435a2 elementor-widget elementor-widget-pxl_fancy_box\" data-id=\"ff435a2\" data-element_type=\"widget\" data-e-type=\"widget\" data-widget_type=\"pxl_fancy_box.default\">\n\t\t\t\t<div class=\"elementor-widget-container\">\n\t\t\t\t\t \r\n<div class=\"pxl-fancy-box-widget layout-6 scrolling-effect fromBottom\">\r\n    <div class=\"box-inner\">     \r\n                    <h3 class=\"box-title\">               \r\n                Causaci\u00f3n               \r\n            <\/h3>\r\n                             <div class=\"box-description\">Registro contable inmediato y autom\u00e1tico de las operaciones de compra e inventario.<\/div>\r\n                  \r\n    <\/div>  \r\n<\/div>\t\t\t\t<\/div>\n\t\t\t\t<\/div>\n\t\t\t\t<div class=\"elementor-element elementor-element-db6c6be elementor-widget elementor-widget-pxl_fancy_box\" data-id=\"db6c6be\" data-element_type=\"widget\" data-e-type=\"widget\" data-widget_type=\"pxl_fancy_box.default\">\n\t\t\t\t<div class=\"elementor-widget-container\">\n\t\t\t\t\t \r\n<div class=\"pxl-fancy-box-widget layout-6 scrolling-effect fromBottom\">\r\n    <div class=\"box-inner\">     \r\n                    <h3 class=\"box-title\">               \r\n                Inventario Y Stock               \r\n            <\/h3>\r\n                             <div class=\"box-description\">Monitoreo en tiempo real de niveles de existencias, movimientos y alertas de m\u00ednimos.<\/div>\r\n                  \r\n    <\/div>  \r\n<\/div>\t\t\t\t<\/div>\n\t\t\t\t<\/div>\n\t\t\t\t<div class=\"elementor-element elementor-element-d10dc1e elementor-widget elementor-widget-pxl_fancy_box\" data-id=\"d10dc1e\" data-element_type=\"widget\" data-e-type=\"widget\" data-widget_type=\"pxl_fancy_box.default\">\n\t\t\t\t<div class=\"elementor-widget-container\">\n\t\t\t\t\t \r\n<div class=\"pxl-fancy-box-widget layout-6 scrolling-effect fromBottom\">\r\n    <div class=\"box-inner\">     \r\n                    <h3 class=\"box-title\">               \r\n                Traslados               \r\n            <\/h3>\r\n                             <div class=\"box-description\">Administraci\u00f3n de movimientos de inventario entre bodegas, centros de trabajo o sucursales.<\/div>\r\n                  \r\n    <\/div>  \r\n<\/div>\t\t\t\t<\/div>\n\t\t\t\t<\/div>\n\t\t\t\t<\/div>\n\t\t\t\t<\/div>\n\t\t\t\t<div class=\"elementor-element elementor-element-28f0461 animated-fast elementor-invisible pxl-elementor-animate elementor-widget elementor-widget-pxl_button\" data-id=\"28f0461\" data-element_type=\"widget\" data-e-type=\"widget\" data-settings=\"{&quot;_animation&quot;:&quot;fadeIn&quot;,&quot;_animation_delay&quot;:150}\" data-widget_type=\"pxl_button.default\">\n\t\t\t\t<div class=\"elementor-widget-container\">\n\t\t\t\t\t<div class=\"pxl-button-widget layout-2\">\r\n    <div class=\"widget-wrap\">  \r\n        <svg xmlns=\"http:\/\/www.w3.org\/2000\/svg\" version=\"1.1\">\r\n            <defs>\r\n                <filter id=\"goo\">\r\n                    <feGaussianBlur in=\"SourceGraphic\" stdDeviation=\"5\" result=\"blur\" \/>\r\n                    <feColorMatrix in=\"blur\" mode=\"matrix\" values=\"1 0 0 0 0  0 1 0 0 0  0 0 1 0 0  0 0 0 19 -9\" result=\"goo\" \/>\r\n                    <feComposite in=\"SourceGraphic\" in2=\"goo\" operator=\"atop\"\/>\r\n                <\/filter>\r\n            <\/defs>\r\n        <\/svg>      \r\n        <a href=\"https:\/\/aplinet.co\/Sorttime\/contact\/\" class=\"tecko-button\">            \r\n            <span class=\"button-text\">Cont\u00e1ctanos<\/span>\r\n            <span class=\"button-icon\"><i class=\"pxli-arrow-top-right\" aria-hidden=\"true\"><\/i><\/span>       \r\n        <\/a>\r\n    <\/div>\r\n<\/div>\t\t\t\t<\/div>\n\t\t\t\t<\/div>\n\t\t\t\t<\/div>\n\t\t<div class=\"elementor-element elementor-element-f399393 e-flex e-con-boxed e-con e-parent\" data-id=\"f399393\" data-element_type=\"container\" data-e-type=\"container\">\n\t\t\t\t\t\t\t<div class=\"e-con-inner\">\n\t\t\t\t\t<\/div>\n\t\t\t\t<\/div>\n\t\t\t\t<\/div>\n\t\t","protected":false},"excerpt":{"rendered":"<p>Compras Controla requisiciones, \u00f3rdenes de compra, stock y entregas con procesos \u00e1giles y seguros. Algunos de los procesos con los que cuenta Manejo de Requisiciones por Jerarqu\u00eda Control de solicitudes de insumos con flujos de aprobaci\u00f3n seg\u00fan niveles de responsabilidad. Control por Bodega Registro detallado de entradas, salidas y existencias en cada almac\u00e9n o centro [&hellip;]<\/p>\n","protected":false},"author":1,"featured_media":0,"parent":0,"menu_order":0,"comment_status":"closed","ping_status":"closed","template":"","meta":{"footnotes":""},"class_list":["post-11581","page","type-page","status-publish","hentry"],"_links":{"self":[{"href":"https:\/\/aplinet.co\/Sorttime\/wp-json\/wp\/v2\/pages\/11581","targetHints":{"allow":["GET"]}}],"collection":[{"href":"https:\/\/aplinet.co\/Sorttime\/wp-json\/wp\/v2\/pages"}],"about":[{"href":"https:\/\/aplinet.co\/Sorttime\/wp-json\/wp\/v2\/types\/page"}],"author":[{"embeddable":true,"href":"https:\/\/aplinet.co\/Sorttime\/wp-json\/wp\/v2\/users\/1"}],"replies":[{"embeddable":true,"href":"https:\/\/aplinet.co\/Sorttime\/wp-json\/wp\/v2\/comments?post=11581"}],"version-history":[{"count":4,"href":"https:\/\/aplinet.co\/Sorttime\/wp-json\/wp\/v2\/pages\/11581\/revisions"}],"predecessor-version":[{"id":11588,"href":"https:\/\/aplinet.co\/Sorttime\/wp-json\/wp\/v2\/pages\/11581\/revisions\/11588"}],"wp:attachment":[{"href":"https:\/\/aplinet.co\/Sorttime\/wp-json\/wp\/v2\/media?parent=11581"}],"curies":[{"name":"wp","href":"https:\/\/api.w.org\/{rel}","templated":true}]}}