{"id":11515,"date":"2025-09-17T05:06:31","date_gmt":"2025-09-17T05:06:31","guid":{"rendered":"https:\/\/aplinet.co\/Sorttime\/?page_id=11515"},"modified":"2025-09-17T05:11:35","modified_gmt":"2025-09-17T05:11:35","slug":"nomina","status":"publish","type":"page","link":"https:\/\/aplinet.co\/Sorttime\/nomina\/","title":{"rendered":"N\u00f3mina"},"content":{"rendered":"\t\t<div data-elementor-type=\"wp-page\" data-elementor-id=\"11515\" class=\"elementor elementor-11515\">\n\t\t\t\t<div class=\"elementor-element elementor-element-aab5a0c e-con-full e-flex e-con e-child\" data-id=\"aab5a0c\" data-element_type=\"container\" data-e-type=\"container\" data-settings=\"{&quot;background_background&quot;:&quot;classic&quot;}\">\n\t\t\t\t<div class=\"elementor-element elementor-element-0a706e5 e-con-full e-flex e-con e-child\" data-id=\"0a706e5\" data-element_type=\"container\" data-e-type=\"container\">\n\t\t\t\t\t\t<div class=\"elementor-element elementor-element-099e855 elementor-widget__width-initial elementor-widget elementor-widget-pxl_heading_v2\" data-id=\"099e855\" data-element_type=\"widget\" data-e-type=\"widget\" data-widget_type=\"pxl_heading_v2.default\">\n\t\t\t\t<div class=\"elementor-widget-container\">\n\t\t\t\t\t\n<div class=\"heading-widget layout-01\">\n    <div class=\"widget-wrap\">\n        <h2 class=\"heading-text  pxl-split-text split-lines-transform\">N\u00f3mina<\/h2>  \n    <\/div>\n<\/div>\t\t\t\t<\/div>\n\t\t\t\t<\/div>\n\t\t\t\t<div class=\"elementor-element elementor-element-be0c2d7 elementor-widget__width-initial elementor-widget elementor-widget-pxl_heading_v2\" data-id=\"be0c2d7\" data-element_type=\"widget\" data-e-type=\"widget\" data-widget_type=\"pxl_heading_v2.default\">\n\t\t\t\t<div class=\"elementor-widget-container\">\n\t\t\t\t\t\n<div class=\"heading-widget layout-01\">\n    <div class=\"widget-wrap\">\n        <h2 class=\"heading-text \">Automatiza el c\u00e1lculo y pago de n\u00f3mina, con procesos masivos y conexi\u00f3n con bancos y contabilidad.<\/h2>  \n    <\/div>\n<\/div>\t\t\t\t<\/div>\n\t\t\t\t<\/div>\n\t\t\t\t<div class=\"elementor-element elementor-element-665499a elementor-widget elementor-widget-pxl_heading_v2\" data-id=\"665499a\" data-element_type=\"widget\" data-e-type=\"widget\" data-widget_type=\"pxl_heading_v2.default\">\n\t\t\t\t<div class=\"elementor-widget-container\">\n\t\t\t\t\t\n<div class=\"heading-widget layout-01\">\n    <div class=\"widget-wrap\">\n        <div class=\"heading-text style-01\">Algunos de los procesos con los que cuenta<\/div>  \n    <\/div>\n<\/div>\t\t\t\t<\/div>\n\t\t\t\t<\/div>\n\t\t<div class=\"elementor-element elementor-element-75321d5 e-con-full e-grid elementor-invisible pxl-elementor-animate e-con e-child\" data-id=\"75321d5\" data-element_type=\"container\" data-e-type=\"container\" data-settings=\"{&quot;animation&quot;:&quot;fadeIn&quot;,&quot;background_background&quot;:&quot;gradient&quot;}\">\n\t\t\t\t\t\t<div class=\"elementor-element elementor-element-f88301c elementor-widget elementor-widget-pxl_fancy_box\" data-id=\"f88301c\" data-element_type=\"widget\" data-e-type=\"widget\" data-widget_type=\"pxl_fancy_box.default\">\n\t\t\t\t<div class=\"elementor-widget-container\">\n\t\t\t\t\t \r\n<div class=\"pxl-fancy-box-widget layout-6 scrolling-effect fromBottom\">\r\n    <div class=\"box-inner\">     \r\n                    <h3 class=\"box-title\">               \r\n                Procesamientos M\u00e1sivos               \r\n            <\/h3>\r\n                             <div class=\"box-description\">Procese m\u00e1s de 500 trabajadores por minuto, con contabilizaci\u00f3n en l\u00ednea y total exactitud en los c\u00e1lculos. Ideal para empresas con alta rotaci\u00f3n o grandes vol\u00famenes de personal.<\/div>\r\n                  \r\n    <\/div>  \r\n<\/div>\t\t\t\t<\/div>\n\t\t\t\t<\/div>\n\t\t\t\t<div class=\"elementor-element elementor-element-6abc34f elementor-widget elementor-widget-pxl_fancy_box\" data-id=\"6abc34f\" data-element_type=\"widget\" data-e-type=\"widget\" data-widget_type=\"pxl_fancy_box.default\">\n\t\t\t\t<div class=\"elementor-widget-container\">\n\t\t\t\t\t \r\n<div class=\"pxl-fancy-box-widget layout-6 scrolling-effect fromBottom\">\r\n    <div class=\"box-inner\">     \r\n                    <h3 class=\"box-title\">               \r\n                Pr\u00e9stamos               \r\n            <\/h3>\r\n                             <div class=\"box-description\">Gestione de forma \u00e1gil y transparente los pr\u00e9stamos a colaboradores, con control de cuotas, intereses y descuentos autom\u00e1ticos en n\u00f3mina. Evite errores y mantenga trazabilidad completa de cada movimiento.<\/div>\r\n                  \r\n    <\/div>  \r\n<\/div>\t\t\t\t<\/div>\n\t\t\t\t<\/div>\n\t\t\t\t<div class=\"elementor-element elementor-element-09e8053 elementor-widget elementor-widget-pxl_fancy_box\" data-id=\"09e8053\" data-element_type=\"widget\" data-e-type=\"widget\" data-widget_type=\"pxl_fancy_box.default\">\n\t\t\t\t<div class=\"elementor-widget-container\">\n\t\t\t\t\t \r\n<div class=\"pxl-fancy-box-widget layout-6 scrolling-effect fromBottom\">\r\n    <div class=\"box-inner\">     \r\n                    <h3 class=\"box-title\">               \r\n                Referencias               \r\n            <\/h3>\r\n                             <div class=\"box-description\">Centralice y organice las referencias laborales y personales de sus trabajadores, simplificando la validaci\u00f3n de antecedentes y optimizando los procesos de selecci\u00f3n.<\/div>\r\n                  \r\n    <\/div>  \r\n<\/div>\t\t\t\t<\/div>\n\t\t\t\t<\/div>\n\t\t\t\t<div class=\"elementor-element elementor-element-3308195 elementor-widget elementor-widget-pxl_fancy_box\" data-id=\"3308195\" data-element_type=\"widget\" data-e-type=\"widget\" data-widget_type=\"pxl_fancy_box.default\">\n\t\t\t\t<div class=\"elementor-widget-container\">\n\t\t\t\t\t \r\n<div class=\"pxl-fancy-box-widget layout-6 scrolling-effect fromBottom\">\r\n    <div class=\"box-inner\">     \r\n                    <h3 class=\"box-title\">               \r\n                N\u00f3mina Electr\u00f3nica Practica               \r\n            <\/h3>\r\n                             <div class=\"box-description\">Cumpla con los requerimientos de la DIAN de forma sencilla. Genere, valide y env\u00ede la n\u00f3mina electr\u00f3nica de manera autom\u00e1tica y pr\u00e1ctica, con total trazabilidad y seguridad.<\/div>\r\n                  \r\n    <\/div>  \r\n<\/div>\t\t\t\t<\/div>\n\t\t\t\t<\/div>\n\t\t\t\t<div class=\"elementor-element elementor-element-13dfb03 elementor-widget elementor-widget-pxl_fancy_box\" data-id=\"13dfb03\" data-element_type=\"widget\" data-e-type=\"widget\" data-widget_type=\"pxl_fancy_box.default\">\n\t\t\t\t<div class=\"elementor-widget-container\">\n\t\t\t\t\t \r\n<div class=\"pxl-fancy-box-widget layout-6 scrolling-effect fromBottom\">\r\n    <div class=\"box-inner\">     \r\n                    <h3 class=\"box-title\">               \r\n                Vacaciones               \r\n            <\/h3>\r\n                             <div class=\"box-description\">Gestione de manera eficiente la programaci\u00f3n, disfrute y anticipos de vacaciones, con liquidaci\u00f3n autom\u00e1tica y reportes consolidados. Reduzca errores y facilite la planeaci\u00f3n de su equipo.<\/div>\r\n                  \r\n    <\/div>  \r\n<\/div>\t\t\t\t<\/div>\n\t\t\t\t<\/div>\n\t\t\t\t<div class=\"elementor-element elementor-element-039671e elementor-widget elementor-widget-pxl_fancy_box\" data-id=\"039671e\" data-element_type=\"widget\" data-e-type=\"widget\" data-widget_type=\"pxl_fancy_box.default\">\n\t\t\t\t<div class=\"elementor-widget-container\">\n\t\t\t\t\t \r\n<div class=\"pxl-fancy-box-widget layout-6 scrolling-effect fromBottom\">\r\n    <div class=\"box-inner\">     \r\n                    <h3 class=\"box-title\">               \r\n                Ausentismos               \r\n            <\/h3>\r\n                             <div class=\"box-description\">Controle y registre incapacidades, licencias y ausencias en un sistema automatizado, garantizando cumplimiento normativo y evitando inconsistencias en la informaci\u00f3n.<\/div>\r\n                  \r\n    <\/div>  \r\n<\/div>\t\t\t\t<\/div>\n\t\t\t\t<\/div>\n\t\t\t\t<div class=\"elementor-element elementor-element-272299d elementor-widget elementor-widget-pxl_fancy_box\" data-id=\"272299d\" data-element_type=\"widget\" data-e-type=\"widget\" data-widget_type=\"pxl_fancy_box.default\">\n\t\t\t\t<div class=\"elementor-widget-container\">\n\t\t\t\t\t \r\n<div class=\"pxl-fancy-box-widget layout-6 scrolling-effect fromBottom\">\r\n    <div class=\"box-inner\">     \r\n                    <h3 class=\"box-title\">               \r\n                Pagos y Reportes de Prestaciones Consolidadas               \r\n            <\/h3>\r\n                             <div class=\"box-description\">Administre en un solo lugar los pagos de seguridad social, prestaciones sociales, liquidaciones y primas. Obtenga reportes claros y consolidados para la toma de decisiones financieras.<\/div>\r\n                  \r\n    <\/div>  \r\n<\/div>\t\t\t\t<\/div>\n\t\t\t\t<\/div>\n\t\t\t\t<div class=\"elementor-element elementor-element-40b21fe elementor-widget elementor-widget-pxl_fancy_box\" data-id=\"40b21fe\" data-element_type=\"widget\" data-e-type=\"widget\" data-widget_type=\"pxl_fancy_box.default\">\n\t\t\t\t<div class=\"elementor-widget-container\">\n\t\t\t\t\t \r\n<div class=\"pxl-fancy-box-widget layout-6 scrolling-effect fromBottom\">\r\n    <div class=\"box-inner\">     \r\n                    <h3 class=\"box-title\">               \r\n                Depuraci\u00f3n de Retefuente               \r\n            <\/h3>\r\n                             <div class=\"box-description\">Aplique de manera autom\u00e1tica las retenciones en la fuente, con reglas configurables y actualizaciones legales al d\u00eda. Optimice la depuraci\u00f3n y evite errores en los descuentos.<\/div>\r\n                  \r\n    <\/div>  \r\n<\/div>\t\t\t\t<\/div>\n\t\t\t\t<\/div>\n\t\t\t\t<div class=\"elementor-element elementor-element-a9ce7a8 elementor-widget elementor-widget-pxl_fancy_box\" data-id=\"a9ce7a8\" data-element_type=\"widget\" data-e-type=\"widget\" data-widget_type=\"pxl_fancy_box.default\">\n\t\t\t\t<div class=\"elementor-widget-container\">\n\t\t\t\t\t \r\n<div class=\"pxl-fancy-box-widget layout-6 scrolling-effect fromBottom\">\r\n    <div class=\"box-inner\">     \r\n                    <h3 class=\"box-title\">               \r\n                Anticipos de Vacaciones               \r\n            <\/h3>\r\n                             <div class=\"box-description\">Gestione solicitudes y aprobaciones de anticipos de vacaciones de forma controlada, con liquidaci\u00f3n autom\u00e1tica y registro transparente en la n\u00f3mina.<\/div>\r\n                  \r\n    <\/div>  \r\n<\/div>\t\t\t\t<\/div>\n\t\t\t\t<\/div>\n\t\t\t\t<div class=\"elementor-element elementor-element-73f00b4 elementor-widget elementor-widget-pxl_fancy_box\" data-id=\"73f00b4\" data-element_type=\"widget\" data-e-type=\"widget\" data-widget_type=\"pxl_fancy_box.default\">\n\t\t\t\t<div class=\"elementor-widget-container\">\n\t\t\t\t\t \r\n<div class=\"pxl-fancy-box-widget layout-6 scrolling-effect fromBottom\">\r\n    <div class=\"box-inner\">     \r\n                    <h3 class=\"box-title\">               \r\n                Primas y Repechaje               \r\n            <\/h3>\r\n                             <div class=\"box-description\">Automatice el c\u00e1lculo de primas legales y extralegales, con opci\u00f3n de reliquidaci\u00f3n (repechaje) para garantizar exactitud y cumplimiento normativo.<\/div>\r\n                  \r\n    <\/div>  \r\n<\/div>\t\t\t\t<\/div>\n\t\t\t\t<\/div>\n\t\t\t\t<\/div>\n\t\t\t\t<\/div>\n\t\t\t\t<div class=\"elementor-element elementor-element-07d90e2 animated-fast elementor-invisible pxl-elementor-animate elementor-widget elementor-widget-pxl_button\" data-id=\"07d90e2\" data-element_type=\"widget\" data-e-type=\"widget\" data-settings=\"{&quot;_animation&quot;:&quot;fadeIn&quot;,&quot;_animation_delay&quot;:150}\" data-widget_type=\"pxl_button.default\">\n\t\t\t\t<div class=\"elementor-widget-container\">\n\t\t\t\t\t<div class=\"pxl-button-widget layout-2\">\r\n    <div class=\"widget-wrap\">  \r\n        <svg xmlns=\"http:\/\/www.w3.org\/2000\/svg\" version=\"1.1\">\r\n            <defs>\r\n                <filter id=\"goo\">\r\n                    <feGaussianBlur in=\"SourceGraphic\" stdDeviation=\"5\" result=\"blur\" \/>\r\n                    <feColorMatrix in=\"blur\" mode=\"matrix\" values=\"1 0 0 0 0  0 1 0 0 0  0 0 1 0 0  0 0 0 19 -9\" result=\"goo\" \/>\r\n                    <feComposite in=\"SourceGraphic\" in2=\"goo\" operator=\"atop\"\/>\r\n                <\/filter>\r\n            <\/defs>\r\n        <\/svg>      \r\n        <a href=\"https:\/\/aplinet.co\/Sorttime\/contact\/\" class=\"tecko-button\">            \r\n            <span class=\"button-text\">Cont\u00e1ctanos<\/span>\r\n            <span class=\"button-icon\"><i class=\"pxli-arrow-top-right\" aria-hidden=\"true\"><\/i><\/span>       \r\n        <\/a>\r\n    <\/div>\r\n<\/div>\t\t\t\t<\/div>\n\t\t\t\t<\/div>\n\t\t\t\t<\/div>\n\t\t<div class=\"elementor-element elementor-element-9ce4013 e-flex e-con-boxed e-con e-parent\" data-id=\"9ce4013\" data-element_type=\"container\" data-e-type=\"container\">\n\t\t\t\t\t\t\t<div class=\"e-con-inner\">\n\t\t\t\t\t<\/div>\n\t\t\t\t<\/div>\n\t\t\t\t<\/div>\n\t\t","protected":false},"excerpt":{"rendered":"<p>N\u00f3mina Automatiza el c\u00e1lculo y pago de n\u00f3mina, con procesos masivos y conexi\u00f3n con bancos y contabilidad. Algunos de los procesos con los que cuenta Procesamientos M\u00e1sivos Procese m\u00e1s de 500 trabajadores por minuto, con contabilizaci\u00f3n en l\u00ednea y total exactitud en los c\u00e1lculos. Ideal para empresas con alta rotaci\u00f3n o grandes vol\u00famenes de personal. [&hellip;]<\/p>\n","protected":false},"author":1,"featured_media":0,"parent":0,"menu_order":0,"comment_status":"closed","ping_status":"closed","template":"","meta":{"footnotes":""},"class_list":["post-11515","page","type-page","status-publish","hentry"],"_links":{"self":[{"href":"https:\/\/aplinet.co\/Sorttime\/wp-json\/wp\/v2\/pages\/11515","targetHints":{"allow":["GET"]}}],"collection":[{"href":"https:\/\/aplinet.co\/Sorttime\/wp-json\/wp\/v2\/pages"}],"about":[{"href":"https:\/\/aplinet.co\/Sorttime\/wp-json\/wp\/v2\/types\/page"}],"author":[{"embeddable":true,"href":"https:\/\/aplinet.co\/Sorttime\/wp-json\/wp\/v2\/users\/1"}],"replies":[{"embeddable":true,"href":"https:\/\/aplinet.co\/Sorttime\/wp-json\/wp\/v2\/comments?post=11515"}],"version-history":[{"count":4,"href":"https:\/\/aplinet.co\/Sorttime\/wp-json\/wp\/v2\/pages\/11515\/revisions"}],"predecessor-version":[{"id":11520,"href":"https:\/\/aplinet.co\/Sorttime\/wp-json\/wp\/v2\/pages\/11515\/revisions\/11520"}],"wp:attachment":[{"href":"https:\/\/aplinet.co\/Sorttime\/wp-json\/wp\/v2\/media?parent=11515"}],"curies":[{"name":"wp","href":"https:\/\/api.w.org\/{rel}","templated":true}]}}