{"id":11493,"date":"2025-09-17T04:29:36","date_gmt":"2025-09-17T04:29:36","guid":{"rendered":"https:\/\/aplinet.co\/Sorttime\/?page_id=11493"},"modified":"2025-09-17T04:53:59","modified_gmt":"2025-09-17T04:53:59","slug":"gestion-humana","status":"publish","type":"page","link":"https:\/\/aplinet.co\/Sorttime\/gestion-humana\/","title":{"rendered":"Gesti\u00f3n Humana"},"content":{"rendered":"\t\t<div data-elementor-type=\"wp-page\" data-elementor-id=\"11493\" class=\"elementor elementor-11493\">\n\t\t\t\t<div class=\"elementor-element elementor-element-7255aaf e-con-full e-flex e-con e-child\" data-id=\"7255aaf\" data-element_type=\"container\" data-e-type=\"container\" data-settings=\"{&quot;background_background&quot;:&quot;classic&quot;}\">\n\t\t\t\t<div class=\"elementor-element elementor-element-d4aae99 e-con-full e-flex e-con e-child\" data-id=\"d4aae99\" data-element_type=\"container\" data-e-type=\"container\">\n\t\t\t\t\t\t<div class=\"elementor-element elementor-element-d899d2f elementor-widget__width-initial elementor-widget elementor-widget-pxl_heading_v2\" data-id=\"d899d2f\" data-element_type=\"widget\" data-e-type=\"widget\" data-widget_type=\"pxl_heading_v2.default\">\n\t\t\t\t<div class=\"elementor-widget-container\">\n\t\t\t\t\t\n<div class=\"heading-widget layout-01\">\n    <div class=\"widget-wrap\">\n        <h2 class=\"heading-text  pxl-split-text split-lines-transform\">Gesti\u00f3n Humana<\/h2>  \n    <\/div>\n<\/div>\t\t\t\t<\/div>\n\t\t\t\t<\/div>\n\t\t\t\t<div class=\"elementor-element elementor-element-3d2b146 elementor-widget__width-initial elementor-widget elementor-widget-pxl_heading_v2\" data-id=\"3d2b146\" data-element_type=\"widget\" data-e-type=\"widget\" data-widget_type=\"pxl_heading_v2.default\">\n\t\t\t\t<div class=\"elementor-widget-container\">\n\t\t\t\t\t\n<div class=\"heading-widget layout-01\">\n    <div class=\"widget-wrap\">\n        <h2 class=\"heading-text \">Centraliza todo tu talento: contratos, vacaciones, pagos, incapacidades y m\u00e1s desde un solo panel.<\/h2>  \n    <\/div>\n<\/div>\t\t\t\t<\/div>\n\t\t\t\t<\/div>\n\t\t\t\t<div class=\"elementor-element elementor-element-64aaaf0 elementor-widget elementor-widget-pxl_heading_v2\" data-id=\"64aaaf0\" data-element_type=\"widget\" data-e-type=\"widget\" data-widget_type=\"pxl_heading_v2.default\">\n\t\t\t\t<div class=\"elementor-widget-container\">\n\t\t\t\t\t\n<div class=\"heading-widget layout-01\">\n    <div class=\"widget-wrap\">\n        <div class=\"heading-text style-01\">Algunos de los procesos con los que cuenta<\/div>  \n    <\/div>\n<\/div>\t\t\t\t<\/div>\n\t\t\t\t<\/div>\n\t\t<div class=\"elementor-element elementor-element-7a255e4 e-con-full e-grid elementor-invisible pxl-elementor-animate e-con e-child\" data-id=\"7a255e4\" data-element_type=\"container\" data-e-type=\"container\" data-settings=\"{&quot;animation&quot;:&quot;fadeIn&quot;,&quot;background_background&quot;:&quot;gradient&quot;}\">\n\t\t\t\t\t\t<div class=\"elementor-element elementor-element-2f39c06 elementor-widget elementor-widget-pxl_fancy_box\" data-id=\"2f39c06\" data-element_type=\"widget\" data-e-type=\"widget\" data-widget_type=\"pxl_fancy_box.default\">\n\t\t\t\t<div class=\"elementor-widget-container\">\n\t\t\t\t\t \r\n<div class=\"pxl-fancy-box-widget layout-6 scrolling-effect fromBottom\">\r\n    <div class=\"box-inner\">     \r\n                    <h3 class=\"box-title\">               \r\n                Administraci\u00f3n de Vacaciones               \r\n            <\/h3>\r\n                             <div class=\"box-description\">Administra de forma eficiente las solicitudes, aprobaciones y programaci\u00f3n de vacaciones, garantizando el cumplimiento legal y la correcta planificaci\u00f3n del talento humano.<\/div>\r\n                  \r\n    <\/div>  \r\n<\/div>\t\t\t\t<\/div>\n\t\t\t\t<\/div>\n\t\t\t\t<div class=\"elementor-element elementor-element-f52ed34 elementor-widget elementor-widget-pxl_fancy_box\" data-id=\"f52ed34\" data-element_type=\"widget\" data-e-type=\"widget\" data-widget_type=\"pxl_fancy_box.default\">\n\t\t\t\t<div class=\"elementor-widget-container\">\n\t\t\t\t\t \r\n<div class=\"pxl-fancy-box-widget layout-6 scrolling-effect fromBottom\">\r\n    <div class=\"box-inner\">     \r\n                    <h3 class=\"box-title\">               \r\n                Organigramas               \r\n            <\/h3>\r\n                             <div class=\"box-description\">Visualiza y gestiona la estructura jer\u00e1rquica de la organizaci\u00f3n, mostrando cargos, \u00e1reas y relaciones de dependencia para una mejor coordinaci\u00f3n interna.<\/div>\r\n                  \r\n    <\/div>  \r\n<\/div>\t\t\t\t<\/div>\n\t\t\t\t<\/div>\n\t\t\t\t<div class=\"elementor-element elementor-element-9435f89 elementor-widget elementor-widget-pxl_fancy_box\" data-id=\"9435f89\" data-element_type=\"widget\" data-e-type=\"widget\" data-widget_type=\"pxl_fancy_box.default\">\n\t\t\t\t<div class=\"elementor-widget-container\">\n\t\t\t\t\t \r\n<div class=\"pxl-fancy-box-widget layout-6 scrolling-effect fromBottom\">\r\n    <div class=\"box-inner\">     \r\n                    <h3 class=\"box-title\">               \r\n                Control de Jefe               \r\n            <\/h3>\r\n                             <div class=\"box-description\">Permite asignar y supervisar responsables directos de cada trabajador, asegurando trazabilidad en permisos, evaluaciones y reportes de desempe\u00f1o.<\/div>\r\n                  \r\n    <\/div>  \r\n<\/div>\t\t\t\t<\/div>\n\t\t\t\t<\/div>\n\t\t\t\t<div class=\"elementor-element elementor-element-7299182 elementor-widget elementor-widget-pxl_fancy_box\" data-id=\"7299182\" data-element_type=\"widget\" data-e-type=\"widget\" data-widget_type=\"pxl_fancy_box.default\">\n\t\t\t\t<div class=\"elementor-widget-container\">\n\t\t\t\t\t \r\n<div class=\"pxl-fancy-box-widget layout-6 scrolling-effect fromBottom\">\r\n    <div class=\"box-inner\">     \r\n                    <h3 class=\"box-title\">               \r\n                Permisos               \r\n            <\/h3>\r\n                             <div class=\"box-description\">Gestiona las solicitudes y aprobaciones de permisos laborales (por enfermedad, calamidad, estudios, entre otros), con registros claros y en tiempo real.<\/div>\r\n                  \r\n    <\/div>  \r\n<\/div>\t\t\t\t<\/div>\n\t\t\t\t<\/div>\n\t\t\t\t<div class=\"elementor-element elementor-element-44d3094 elementor-widget elementor-widget-pxl_fancy_box\" data-id=\"44d3094\" data-element_type=\"widget\" data-e-type=\"widget\" data-widget_type=\"pxl_fancy_box.default\">\n\t\t\t\t<div class=\"elementor-widget-container\">\n\t\t\t\t\t \r\n<div class=\"pxl-fancy-box-widget layout-6 scrolling-effect fromBottom\">\r\n    <div class=\"box-inner\">     \r\n                    <h3 class=\"box-title\">               \r\n                Encuestas               \r\n            <\/h3>\r\n                             <div class=\"box-description\">Facilita la creaci\u00f3n y aplicaci\u00f3n de encuestas internas, recolectando la opini\u00f3n de los colaboradores sobre clima laboral, bienestar y procesos organizacionales.<\/div>\r\n                  \r\n    <\/div>  \r\n<\/div>\t\t\t\t<\/div>\n\t\t\t\t<\/div>\n\t\t\t\t<div class=\"elementor-element elementor-element-da6e27d elementor-widget elementor-widget-pxl_fancy_box\" data-id=\"da6e27d\" data-element_type=\"widget\" data-e-type=\"widget\" data-widget_type=\"pxl_fancy_box.default\">\n\t\t\t\t<div class=\"elementor-widget-container\">\n\t\t\t\t\t \r\n<div class=\"pxl-fancy-box-widget layout-6 scrolling-effect fromBottom\">\r\n    <div class=\"box-inner\">     \r\n                    <h3 class=\"box-title\">               \r\n                Evaluaciones               \r\n            <\/h3>\r\n                             <div class=\"box-description\">Automatiza procesos de evaluaci\u00f3n de desempe\u00f1o, competencias y cumplimiento de objetivos, generando reportes que apoyan la toma de decisiones en talento humano.<\/div>\r\n                  \r\n    <\/div>  \r\n<\/div>\t\t\t\t<\/div>\n\t\t\t\t<\/div>\n\t\t\t\t<\/div>\n\t\t\t\t<\/div>\n\t\t\t\t<div class=\"elementor-element elementor-element-83c1a76 animated-fast elementor-invisible pxl-elementor-animate elementor-widget elementor-widget-pxl_button\" data-id=\"83c1a76\" data-element_type=\"widget\" data-e-type=\"widget\" data-settings=\"{&quot;_animation&quot;:&quot;fadeIn&quot;,&quot;_animation_delay&quot;:150}\" data-widget_type=\"pxl_button.default\">\n\t\t\t\t<div class=\"elementor-widget-container\">\n\t\t\t\t\t<div class=\"pxl-button-widget layout-2\">\r\n    <div class=\"widget-wrap\">  \r\n        <svg xmlns=\"http:\/\/www.w3.org\/2000\/svg\" version=\"1.1\">\r\n            <defs>\r\n                <filter id=\"goo\">\r\n                    <feGaussianBlur in=\"SourceGraphic\" stdDeviation=\"5\" result=\"blur\" \/>\r\n                    <feColorMatrix in=\"blur\" mode=\"matrix\" values=\"1 0 0 0 0  0 1 0 0 0  0 0 1 0 0  0 0 0 19 -9\" result=\"goo\" \/>\r\n                    <feComposite in=\"SourceGraphic\" in2=\"goo\" operator=\"atop\"\/>\r\n                <\/filter>\r\n            <\/defs>\r\n        <\/svg>      \r\n        <a href=\"https:\/\/aplinet.co\/Sorttime\/contact\/\" class=\"tecko-button\">            \r\n            <span class=\"button-text\">Cont\u00e1ctanos<\/span>\r\n            <span class=\"button-icon\"><i class=\"pxli-arrow-top-right\" aria-hidden=\"true\"><\/i><\/span>       \r\n        <\/a>\r\n    <\/div>\r\n<\/div>\t\t\t\t<\/div>\n\t\t\t\t<\/div>\n\t\t\t\t<\/div>\n\t\t<div class=\"elementor-element elementor-element-fb73a98 e-flex e-con-boxed e-con e-parent\" data-id=\"fb73a98\" data-element_type=\"container\" data-e-type=\"container\">\n\t\t\t\t\t\t\t<div class=\"e-con-inner\">\n\t\t\t\t\t<\/div>\n\t\t\t\t<\/div>\n\t\t\t\t<\/div>\n\t\t","protected":false},"excerpt":{"rendered":"<p>Gesti\u00f3n Humana Centraliza todo tu talento: contratos, vacaciones, pagos, incapacidades y m\u00e1s desde un solo panel. Algunos de los procesos con los que cuenta Administraci\u00f3n de Vacaciones Administra de forma eficiente las solicitudes, aprobaciones y programaci\u00f3n de vacaciones, garantizando el cumplimiento legal y la correcta planificaci\u00f3n del talento humano. Organigramas Visualiza y gestiona la estructura [&hellip;]<\/p>\n","protected":false},"author":1,"featured_media":0,"parent":0,"menu_order":0,"comment_status":"closed","ping_status":"closed","template":"","meta":{"footnotes":""},"class_list":["post-11493","page","type-page","status-publish","hentry"],"_links":{"self":[{"href":"https:\/\/aplinet.co\/Sorttime\/wp-json\/wp\/v2\/pages\/11493","targetHints":{"allow":["GET"]}}],"collection":[{"href":"https:\/\/aplinet.co\/Sorttime\/wp-json\/wp\/v2\/pages"}],"about":[{"href":"https:\/\/aplinet.co\/Sorttime\/wp-json\/wp\/v2\/types\/page"}],"author":[{"embeddable":true,"href":"https:\/\/aplinet.co\/Sorttime\/wp-json\/wp\/v2\/users\/1"}],"replies":[{"embeddable":true,"href":"https:\/\/aplinet.co\/Sorttime\/wp-json\/wp\/v2\/comments?post=11493"}],"version-history":[{"count":11,"href":"https:\/\/aplinet.co\/Sorttime\/wp-json\/wp\/v2\/pages\/11493\/revisions"}],"predecessor-version":[{"id":11514,"href":"https:\/\/aplinet.co\/Sorttime\/wp-json\/wp\/v2\/pages\/11493\/revisions\/11514"}],"wp:attachment":[{"href":"https:\/\/aplinet.co\/Sorttime\/wp-json\/wp\/v2\/media?parent=11493"}],"curies":[{"name":"wp","href":"https:\/\/api.w.org\/{rel}","templated":true}]}}