{"id":11410,"date":"2025-09-16T19:54:30","date_gmt":"2025-09-16T19:54:30","guid":{"rendered":"https:\/\/aplinet.co\/Sorttime\/?page_id=11410"},"modified":"2025-09-17T04:26:06","modified_gmt":"2025-09-17T04:26:06","slug":"autocontratacion","status":"publish","type":"page","link":"https:\/\/aplinet.co\/Sorttime\/autocontratacion\/","title":{"rendered":"Autocontratacion"},"content":{"rendered":"\t\t<div data-elementor-type=\"wp-page\" data-elementor-id=\"11410\" class=\"elementor elementor-11410\">\n\t\t\t\t<div class=\"elementor-element elementor-element-03dacc0 e-flex e-con-boxed e-con e-parent\" data-id=\"03dacc0\" data-element_type=\"container\" data-e-type=\"container\">\n\t\t\t\t\t\t\t<div class=\"e-con-inner\">\n\t\t<div class=\"elementor-element elementor-element-dcb29d5 e-con-full e-flex e-con e-child\" data-id=\"dcb29d5\" data-element_type=\"container\" data-e-type=\"container\">\n\t\t\t\t<div class=\"elementor-element elementor-element-dbd4e80 e-con-full e-flex e-con e-child\" data-id=\"dbd4e80\" data-element_type=\"container\" data-e-type=\"container\" data-settings=\"{&quot;background_background&quot;:&quot;classic&quot;}\">\n\t\t\t\t<div class=\"elementor-element elementor-element-4c9a0dc e-con-full e-flex e-con e-child\" data-id=\"4c9a0dc\" data-element_type=\"container\" data-e-type=\"container\">\n\t\t\t\t\t\t<div class=\"elementor-element elementor-element-c1a7136 elementor-widget__width-initial elementor-widget elementor-widget-pxl_heading_v2\" data-id=\"c1a7136\" data-element_type=\"widget\" data-e-type=\"widget\" data-widget_type=\"pxl_heading_v2.default\">\n\t\t\t\t<div class=\"elementor-widget-container\">\n\t\t\t\t\t\n<div class=\"heading-widget layout-01\">\n    <div class=\"widget-wrap\">\n        <h2 class=\"heading-text  pxl-split-text split-lines-transform\">Autocontrataci\u00f3n<\/h2>  \n    <\/div>\n<\/div>\t\t\t\t<\/div>\n\t\t\t\t<\/div>\n\t\t\t\t<div class=\"elementor-element elementor-element-d3d26b2 elementor-widget__width-initial elementor-widget elementor-widget-pxl_heading_v2\" data-id=\"d3d26b2\" data-element_type=\"widget\" data-e-type=\"widget\" data-widget_type=\"pxl_heading_v2.default\">\n\t\t\t\t<div class=\"elementor-widget-container\">\n\t\t\t\t\t\n<div class=\"heading-widget layout-01\">\n    <div class=\"widget-wrap\">\n        <h2 class=\"heading-text \">Simplifica la contrataci\u00f3n: genera \u00f3rdenes, gestiona ex\u00e1menes m\u00e9dicos y firma digital en un solo lugar.<\/h2>  \n    <\/div>\n<\/div>\t\t\t\t<\/div>\n\t\t\t\t<\/div>\n\t\t\t\t<div class=\"elementor-element elementor-element-3fce8dc elementor-widget elementor-widget-pxl_heading_v2\" data-id=\"3fce8dc\" data-element_type=\"widget\" data-e-type=\"widget\" data-widget_type=\"pxl_heading_v2.default\">\n\t\t\t\t<div class=\"elementor-widget-container\">\n\t\t\t\t\t\n<div class=\"heading-widget layout-01\">\n    <div class=\"widget-wrap\">\n        <div class=\"heading-text style-01\">Algunos de los procesos con los que cuenta<\/div>  \n    <\/div>\n<\/div>\t\t\t\t<\/div>\n\t\t\t\t<\/div>\n\t\t<div class=\"elementor-element elementor-element-2788f7b e-con-full e-grid elementor-invisible pxl-elementor-animate e-con e-child\" data-id=\"2788f7b\" data-element_type=\"container\" data-e-type=\"container\" data-settings=\"{&quot;animation&quot;:&quot;fadeIn&quot;,&quot;background_background&quot;:&quot;gradient&quot;}\">\n\t\t\t\t\t\t<div class=\"elementor-element elementor-element-177047e elementor-widget elementor-widget-pxl_fancy_box\" data-id=\"177047e\" data-element_type=\"widget\" data-e-type=\"widget\" data-widget_type=\"pxl_fancy_box.default\">\n\t\t\t\t<div class=\"elementor-widget-container\">\n\t\t\t\t\t \r\n<div class=\"pxl-fancy-box-widget layout-6 scrolling-effect fromBottom\">\r\n    <div class=\"box-inner\">     \r\n                    <h3 class=\"box-title\">               \r\n                Exam\u00e9n m\u00e9dicos               \r\n            <\/h3>\r\n                             <div class=\"box-description\">Permite gestionar la programaci\u00f3n y control de ex\u00e1menes ocupacionales (ingreso, peri\u00f3dicos, retiro), asegurando que el trabajador cumpla con los requisitos de salud para su cargo.<\/div>\r\n                  \r\n    <\/div>  \r\n<\/div>\t\t\t\t<\/div>\n\t\t\t\t<\/div>\n\t\t\t\t<div class=\"elementor-element elementor-element-a96606b elementor-widget elementor-widget-pxl_fancy_box\" data-id=\"a96606b\" data-element_type=\"widget\" data-e-type=\"widget\" data-widget_type=\"pxl_fancy_box.default\">\n\t\t\t\t<div class=\"elementor-widget-container\">\n\t\t\t\t\t \r\n<div class=\"pxl-fancy-box-widget layout-6 scrolling-effect fromBottom\">\r\n    <div class=\"box-inner\">     \r\n                    <h3 class=\"box-title\">               \r\n                Profesiograma               \r\n            <\/h3>\r\n                             <div class=\"box-description\">Relaciona los cargos de la empresa con los requisitos m\u00e9dicos, ex\u00e1menes y restricciones espec\u00edficas, garantizando que cada puesto tenga definido su perfil ocupacional.<\/div>\r\n                  \r\n    <\/div>  \r\n<\/div>\t\t\t\t<\/div>\n\t\t\t\t<\/div>\n\t\t\t\t<div class=\"elementor-element elementor-element-4e8c306 elementor-widget elementor-widget-pxl_fancy_box\" data-id=\"4e8c306\" data-element_type=\"widget\" data-e-type=\"widget\" data-widget_type=\"pxl_fancy_box.default\">\n\t\t\t\t<div class=\"elementor-widget-container\">\n\t\t\t\t\t \r\n<div class=\"pxl-fancy-box-widget layout-6 scrolling-effect fromBottom\">\r\n    <div class=\"box-inner\">     \r\n                    <h3 class=\"box-title\">               \r\n                Diagn\u00f3stico               \r\n            <\/h3>\r\n                             <div class=\"box-description\">Centraliza los resultados de ex\u00e1menes m\u00e9dicos y evaluaciones de salud, generando un diagn\u00f3stico del estado de los trabajadores y facilitando la toma de decisiones en SST.<\/div>\r\n                  \r\n    <\/div>  \r\n<\/div>\t\t\t\t<\/div>\n\t\t\t\t<\/div>\n\t\t\t\t<div class=\"elementor-element elementor-element-bc8e95a elementor-widget elementor-widget-pxl_fancy_box\" data-id=\"bc8e95a\" data-element_type=\"widget\" data-e-type=\"widget\" data-widget_type=\"pxl_fancy_box.default\">\n\t\t\t\t<div class=\"elementor-widget-container\">\n\t\t\t\t\t \r\n<div class=\"pxl-fancy-box-widget layout-6 scrolling-effect fromBottom\">\r\n    <div class=\"box-inner\">     \r\n                    <h3 class=\"box-title\">               \r\n                Firma Electr\u00f3nica               \r\n            <\/h3>\r\n                             <div class=\"box-description\">Permite firmar digitalmente contratos, \u00f3rdenes y documentos laborales con validez legal, reduciendo el uso de papel y agilizando los procesos administrativos.<\/div>\r\n                  \r\n    <\/div>  \r\n<\/div>\t\t\t\t<\/div>\n\t\t\t\t<\/div>\n\t\t\t\t<div class=\"elementor-element elementor-element-fe5f1b5 elementor-widget elementor-widget-pxl_fancy_box\" data-id=\"fe5f1b5\" data-element_type=\"widget\" data-e-type=\"widget\" data-widget_type=\"pxl_fancy_box.default\">\n\t\t\t\t<div class=\"elementor-widget-container\">\n\t\t\t\t\t \r\n<div class=\"pxl-fancy-box-widget layout-6 scrolling-effect fromBottom\">\r\n    <div class=\"box-inner\">     \r\n                    <h3 class=\"box-title\">               \r\n                Inducci\u00f3n SG-SST               \r\n            <\/h3>\r\n                             <div class=\"box-description\">Automatiza la inducci\u00f3n en Seguridad y Salud en el Trabajo, asegurando que todo empleado conozca los riesgos, pol\u00edticas y medidas de prevenci\u00f3n antes de iniciar sus labores.<\/div>\r\n                  \r\n    <\/div>  \r\n<\/div>\t\t\t\t<\/div>\n\t\t\t\t<\/div>\n\t\t\t\t<div class=\"elementor-element elementor-element-2f98dc0 elementor-widget elementor-widget-pxl_fancy_box\" data-id=\"2f98dc0\" data-element_type=\"widget\" data-e-type=\"widget\" data-widget_type=\"pxl_fancy_box.default\">\n\t\t\t\t<div class=\"elementor-widget-container\">\n\t\t\t\t\t \r\n<div class=\"pxl-fancy-box-widget layout-6 scrolling-effect fromBottom\">\r\n    <div class=\"box-inner\">     \r\n                    <h3 class=\"box-title\">               \r\n                Archivo Digital               \r\n            <\/h3>\r\n                             <div class=\"box-description\">Consolida la documentaci\u00f3n laboral en un repositorio digital seguro (contratos, ex\u00e1menes, actas), facilitando la consulta, trazabilidad y cumplimiento normativo.<\/div>\r\n                  \r\n    <\/div>  \r\n<\/div>\t\t\t\t<\/div>\n\t\t\t\t<\/div>\n\t\t\t\t<div class=\"elementor-element elementor-element-247dddb elementor-widget elementor-widget-pxl_fancy_box\" data-id=\"247dddb\" data-element_type=\"widget\" data-e-type=\"widget\" data-widget_type=\"pxl_fancy_box.default\">\n\t\t\t\t<div class=\"elementor-widget-container\">\n\t\t\t\t\t \r\n<div class=\"pxl-fancy-box-widget layout-6 scrolling-effect fromBottom\">\r\n    <div class=\"box-inner\">     \r\n                    <h3 class=\"box-title\">               \r\n                Otro Si               \r\n            <\/h3>\r\n                             <div class=\"box-description\">Gestiona adiciones o modificaciones contractuales (aumento de salario, pr\u00f3rrogas, cambios de funciones) con generaci\u00f3n autom\u00e1tica de documentos legales.<\/div>\r\n                  \r\n    <\/div>  \r\n<\/div>\t\t\t\t<\/div>\n\t\t\t\t<\/div>\n\t\t\t\t<div class=\"elementor-element elementor-element-13ba2dd elementor-widget elementor-widget-pxl_fancy_box\" data-id=\"13ba2dd\" data-element_type=\"widget\" data-e-type=\"widget\" data-widget_type=\"pxl_fancy_box.default\">\n\t\t\t\t<div class=\"elementor-widget-container\">\n\t\t\t\t\t \r\n<div class=\"pxl-fancy-box-widget layout-6 scrolling-effect fromBottom\">\r\n    <div class=\"box-inner\">     \r\n                    <h3 class=\"box-title\">               \r\n                Dotaciones               \r\n            <\/h3>\r\n                             <div class=\"box-description\">Registra y controla la entrega de uniformes, equipos de protecci\u00f3n personal (EPP) y dem\u00e1s implementos, con historial por trabajador y alertas de renovaci\u00f3n.<\/div>\r\n                  \r\n    <\/div>  \r\n<\/div>\t\t\t\t<\/div>\n\t\t\t\t<\/div>\n\t\t\t\t<div class=\"elementor-element elementor-element-a3fee64 elementor-widget elementor-widget-pxl_fancy_box\" data-id=\"a3fee64\" data-element_type=\"widget\" data-e-type=\"widget\" data-widget_type=\"pxl_fancy_box.default\">\n\t\t\t\t<div class=\"elementor-widget-container\">\n\t\t\t\t\t \r\n<div class=\"pxl-fancy-box-widget layout-6 scrolling-effect fromBottom\">\r\n    <div class=\"box-inner\">     \r\n                    <h3 class=\"box-title\">               \r\n                Traslados               \r\n            <\/h3>\r\n                             <div class=\"box-description\">Permite gestionar cambios de sede, \u00e1rea o cargo de los trabajadores, actualizando autom\u00e1ticamente la informaci\u00f3n contractual y de seguridad social.<\/div>\r\n                  \r\n    <\/div>  \r\n<\/div>\t\t\t\t<\/div>\n\t\t\t\t<\/div>\n\t\t\t\t<\/div>\n\t\t\t\t<\/div>\n\t\t\t\t<div class=\"elementor-element elementor-element-152a6c7 animated-fast elementor-invisible pxl-elementor-animate elementor-widget elementor-widget-pxl_button\" data-id=\"152a6c7\" data-element_type=\"widget\" data-e-type=\"widget\" data-settings=\"{&quot;_animation&quot;:&quot;fadeIn&quot;,&quot;_animation_delay&quot;:150}\" data-widget_type=\"pxl_button.default\">\n\t\t\t\t<div class=\"elementor-widget-container\">\n\t\t\t\t\t<div class=\"pxl-button-widget layout-2\">\r\n    <div class=\"widget-wrap\">  \r\n        <svg xmlns=\"http:\/\/www.w3.org\/2000\/svg\" version=\"1.1\">\r\n            <defs>\r\n                <filter id=\"goo\">\r\n                    <feGaussianBlur in=\"SourceGraphic\" stdDeviation=\"5\" result=\"blur\" \/>\r\n                    <feColorMatrix in=\"blur\" mode=\"matrix\" values=\"1 0 0 0 0  0 1 0 0 0  0 0 1 0 0  0 0 0 19 -9\" result=\"goo\" \/>\r\n                    <feComposite in=\"SourceGraphic\" in2=\"goo\" operator=\"atop\"\/>\r\n                <\/filter>\r\n            <\/defs>\r\n        <\/svg>      \r\n        <a href=\"https:\/\/aplinet.co\/Sorttime\/contact\/\" class=\"tecko-button\">            \r\n            <span class=\"button-text\">Cont\u00e1ctanos<\/span>\r\n            <span class=\"button-icon\"><i class=\"pxli-arrow-top-right\" aria-hidden=\"true\"><\/i><\/span>       \r\n        <\/a>\r\n    <\/div>\r\n<\/div>\t\t\t\t<\/div>\n\t\t\t\t<\/div>\n\t\t\t\t<\/div>\n\t\t\t\t<\/div>\n\t\t\t\t\t<\/div>\n\t\t\t\t<\/div>\n\t\t\t\t<\/div>\n\t\t","protected":false},"excerpt":{"rendered":"<p>Autocontrataci\u00f3n Simplifica la contrataci\u00f3n: genera \u00f3rdenes, gestiona ex\u00e1menes m\u00e9dicos y firma digital en un solo lugar. Algunos de los procesos con los que cuenta Exam\u00e9n m\u00e9dicos Permite gestionar la programaci\u00f3n y control de ex\u00e1menes ocupacionales (ingreso, peri\u00f3dicos, retiro), asegurando que el trabajador cumpla con los requisitos de salud para su cargo. Profesiograma Relaciona los cargos [&hellip;]<\/p>\n","protected":false},"author":1,"featured_media":0,"parent":0,"menu_order":0,"comment_status":"closed","ping_status":"closed","template":"","meta":{"footnotes":""},"class_list":["post-11410","page","type-page","status-publish","hentry"],"_links":{"self":[{"href":"https:\/\/aplinet.co\/Sorttime\/wp-json\/wp\/v2\/pages\/11410","targetHints":{"allow":["GET"]}}],"collection":[{"href":"https:\/\/aplinet.co\/Sorttime\/wp-json\/wp\/v2\/pages"}],"about":[{"href":"https:\/\/aplinet.co\/Sorttime\/wp-json\/wp\/v2\/types\/page"}],"author":[{"embeddable":true,"href":"https:\/\/aplinet.co\/Sorttime\/wp-json\/wp\/v2\/users\/1"}],"replies":[{"embeddable":true,"href":"https:\/\/aplinet.co\/Sorttime\/wp-json\/wp\/v2\/comments?post=11410"}],"version-history":[{"count":34,"href":"https:\/\/aplinet.co\/Sorttime\/wp-json\/wp\/v2\/pages\/11410\/revisions"}],"predecessor-version":[{"id":11670,"href":"https:\/\/aplinet.co\/Sorttime\/wp-json\/wp\/v2\/pages\/11410\/revisions\/11670"}],"wp:attachment":[{"href":"https:\/\/aplinet.co\/Sorttime\/wp-json\/wp\/v2\/media?parent=11410"}],"curies":[{"name":"wp","href":"https:\/\/api.w.org\/{rel}","templated":true}]}}